{"id":22853,"date":"2024-11-17T15:08:24","date_gmt":"2024-11-17T15:08:24","guid":{"rendered":"https:\/\/tourwhales.com\/?post_type=product&#038;p=22853"},"modified":"2024-11-17T15:08:29","modified_gmt":"2024-11-17T15:08:29","slug":"from-samana-baiguate-waterfall-and-jarabacoa-buggy-tour","status":"publish","type":"product","link":"https:\/\/ticketswhales.com\/fr\/Tours-Excursions\/dominican-republic\/from-samana-baiguate-waterfall-and-jarabacoa-buggy-tour\/","title":{"rendered":"From Saman\u00e1: Baiguate Waterfall and Jarabacoa Buggy Tour"},"content":{"rendered":"<p>Rejoignez-nous et voyagez avec un expert local de Jarabacoa et vivez l&#039;exp\u00e9rience unique de visiter les meilleurs endroits de la capitale de l&#039;\u00e9cotourisme \u00e0 partir de Jarabacoa, cette visite vous fera d\u00e9couvrir le magnifique paysage du plus grand ranch de montagne de la R\u00e9publique dominicaine. En vous d\u00e9pla\u00e7ant vers les diff\u00e9rents endroits, vous sentirez l&#039;air de la montagne et profiterez de la beaut\u00e9 de la campagne.<\/p>\n<p>We can get to the different locations for this tour. Buy your ticket online now and let\u2019s have fun learning about Jarabacoa and Dominican Republic culture as you travel around to the best locations of the town.<\/p>\n<p>Jarabacoa is the city of the eternal spring break because of the weather and the second most important municipality from la Vega province. According to history, Jarabacoa means \u201cplace of much water\u201d, On September 27, 1858, Jarabacoa began its life as a municipality, a category obtained after a career that came from the beginning of the 19th century. Travel with us and get to know more about the mountains, nature, culture, and people of the northern region of the Dominican Republic.<\/p>","protected":false},"excerpt":{"rendered":"<div data-track=\"overview\" data-v-83a2b402=\"\">\n<section id=\"activity-overview\" class=\"activity-overview\" data-component=\"overview\" data-v-83a2b402=\"\" data-v-f3236c42=\"\">\n<p class=\"activity-overview__content\" data-test-id=\"activity-overview-content\" data-v-f3236c42=\"\">Drive from Samana to Jarabacoa and swim at Baiguate Waterfall, then speed around on a buggy tour. Try some local food and admire the landscape of the biggest mountain range in the country.<\/p>\n<\/section>\n<\/div>\n<div data-track=\"key-details\" data-v-83a2b402=\"\"><\/div>","protected":false},"featured_media":22854,"template":"","meta":[],"product_cat":[1134],"product_tag":[173,1135],"class_list":["post-22853","product","type-product","status-publish","has-post-thumbnail","hentry","product_cat-dominican-republic","product_tag-excursion","product_tag-tour"],"_links":{"self":[{"href":"https:\/\/ticketswhales.com\/fr\/wp-json\/wp\/v2\/product\/22853","targetHints":{"allow":["GET"]}}],"collection":[{"href":"https:\/\/ticketswhales.com\/fr\/wp-json\/wp\/v2\/product"}],"about":[{"href":"https:\/\/ticketswhales.com\/fr\/wp-json\/wp\/v2\/types\/product"}],"wp:featuredmedia":[{"embeddable":true,"href":"https:\/\/ticketswhales.com\/fr\/wp-json\/wp\/v2\/media\/22854"}],"wp:attachment":[{"href":"https:\/\/ticketswhales.com\/fr\/wp-json\/wp\/v2\/media?parent=22853"}],"wp:term":[{"taxonomy":"product_cat","embeddable":true,"href":"https:\/\/ticketswhales.com\/fr\/wp-json\/wp\/v2\/product_cat?post=22853"},{"taxonomy":"product_tag","embeddable":true,"href":"https:\/\/ticketswhales.com\/fr\/wp-json\/wp\/v2\/product_tag?post=22853"}],"curies":[{"name":"wp","href":"https:\/\/api.w.org\/{rel}","templated":true}]}}