{"id":11569,"date":"2020-10-10T15:42:33","date_gmt":"2020-10-10T15:42:33","guid":{"rendered":"https:\/\/tourwhales.com\/?post_type=product&#038;p=11569"},"modified":"2024-10-17T23:39:19","modified_gmt":"2024-10-17T23:39:19","slug":"private-kayaking-snorkeling-with-lunch-on-cayo-levantado-island","status":"publish","type":"product","link":"https:\/\/ticketswhales.com\/fr\/Tours-Excursions\/tours-excursions-samana-bay-dominican-republic\/private-kayaking-snorkeling-with-lunch-on-cayo-levantado-island\/","title":{"rendered":"Samana : Cayo Levantado &amp; Kayak + Snorkeling"},"content":{"rendered":"<section class=\"wpb-content-wrapper\"><div class=\"wpb_column vc_column_container vc_col-sm-12\"><div class=\"vc_column-inner\"><div class=\"wpb_wrapper\"><\/div><\/div><\/div><div class=\"vc_row wpb_row vc_row-fluid\" ><div class=\"wpb_column vc_column_container vc_col-sm-12\"><div class=\"vc_column-inner\"><div class=\"wpb_wrapper\">\n\t<div class=\"wpb_text_column wpb_content_element\" >\n\t\t<div class=\"wpb_wrapper\">\n\t\t\t<div class=\"vc_row wpb_row vc_row-fluid\">\n<div class=\"wpb_column vc_column_container vc_col-sm-12\">\n<div class=\"vc_column-inner\">\n<div class=\"wpb_wrapper\">\n<div class=\"mkdf-section-title-holder\">\n<div class=\"mkdf-st-inner\">\n<h5 class=\"mkdf-st-subtitle\">Du port de Samana: visite priv\u00e9e<\/h5>\n<h3 class=\"mkdf-st-title\">Kayak et tuba priv\u00e9s avec d\u00e9jeuner sur l&#039;\u00eele de Cayo Levantado<\/h3>\n<\/div>\n<\/div>\n<div class=\"vc_empty_space\"><\/div>\n<\/div>\n<\/div>\n<\/div>\n<\/div>\n<div class=\"vc_row wpb_row vc_row-fluid\"><\/div>\n<div class=\"wpb_column vc_column_container vc_col-sm-12\">\n<div class=\"vc_column-inner\">\n<div class=\"wpb_wrapper\"><\/div>\n<\/div>\n<\/div>\n<div class=\"wpb_text_column wpb_content_element\">\n<div class=\"wpb_wrapper\"><\/div>\n<\/div>\n<div class=\"vc_row wpb_row vc_row-fluid\">\n<div class=\"wpb_column vc_column_container vc_col-sm-12\">\n<div class=\"vc_column-inner\">\n<div class=\"wpb_wrapper\">\n<div class=\"wpb_text_column wpb_content_element\">\n<div class=\"wpb_wrapper\">\n<div class=\"vc_row wpb_row vc_row-fluid\">\n<div class=\"wpb_column vc_column_container vc_col-sm-12\">\n<div class=\"vc_column-inner\">\n<div class=\"wpb_wrapper\">\n<div class=\"wpb_text_column wpb_content_element\">\n<div class=\"wpb_wrapper\">\n<h4><b><i>Vue d'ensemble\ud83d\udc33<\/i><\/b><\/h4>\n<p><strong>\u00c9vitez les grands groupes de touristes.<\/strong>\u00a0et faites votre excursion priv\u00e9e en kayak et tuba dans la baie de Saman\u00e1 au d\u00e9part du port de Saman\u00e1.<\/p>\n<p>Admirez 40 minutes de vues panoramiques in\u00e9gal\u00e9es sur la baie de Samana depuis la mer en kayak et avec tuba dans les eaux cristallines d&#039;une plage voisine de la c\u00e9l\u00e8bre \u00eele de Cayo Levantado\/Bacardi. L\u00e0 o\u00f9 nous pouvons nous d\u00e9gourdir les jambes et utiliser nos kits de plong\u00e9e, il y a un autre monde \u00e0 explorer !<br \/>\nApr\u00e8s la plong\u00e9e en apn\u00e9e, nous partirons pour un d\u00e9jeuner typiquement dominicain sur la plage et d\u00e9couvrirons la plus belle \u00eele de la R\u00e9publique Dominicaine. Abritant un magnifique h\u00f4tel de luxe, des plages de sable blanc, une for\u00eat tropicale luxuriante et d&#039;\u00e9tonnants artistes talentueux proposant leurs peintures et autres produits faits \u00e0 la main.<\/p>\n<p>Que peut-on faire sur l&#039;\u00eele ?<br \/>\nNager, faire de la randonn\u00e9e, jouer au volley-ball, prendre des photos, faire de la plong\u00e9e en apn\u00e9e, profiter de la plage ou simplement se d\u00e9tendre \u00e0 l&#039;ombre et prendre une boisson rafra\u00eechissante (Pi\u00f1a Colada, Coco Loco, Cuba Libre, etc.). Il existe de nombreuses options pour profiter de l&#039;\u00eele pour tous. !<\/p>\n<p>Sur le chemin du retour \u00e0 Saman\u00e1, nous changeons de perspective et notre attention est capt\u00e9e par des d\u00e9tails que nous n&#039;avions pas remarqu\u00e9s auparavant, profitant de chaque m\u00e8tre environ 40 minutes.<\/p>\n<p>Nous sommes les seuls \u00e0 proposer ce circuit dans toute la R\u00e9publique Dominicaine\u00a0! Cette exp\u00e9rience unique est le r\u00eave devenu r\u00e9alit\u00e9 des amoureux de la nature et de la mer.<\/p>\n<p><strong>Note:<\/strong>\u00a0Cette visite est priv\u00e9e. (Juste vous et votre famille ou vos amis et le guide touristique).<\/p>\n<p>&nbsp;<\/p>\n<h4><b>Inclusions et exclusions<\/b><\/h4>\n<p>&nbsp;<\/p>\n<p><b>Inclusions<\/b><\/p>\n<p>&nbsp;<\/p>\n<ol>\n<li>D\u00e9jeuner buffet sur la plage.<\/li>\n<li>Guide touristique<\/li>\n<li>kayaks, paddle board<\/li>\n<li>Gilet de sauvetage<\/li>\n<li>Kit tuba<\/li>\n<li>Toutes les taxes, frais et frais de dossier.<\/li>\n<li>Taxes locales<\/li>\n<li>Boissons (Bouteille d&#039;eau par personne)<\/li>\n<\/ol>\n<p><b>Exclusions<\/b><\/p>\n<ol>\n<li>Conseils<\/li>\n<li>Transfert en voiture<\/li>\n<li>Alcool<\/li>\n<\/ol>\n<p>&nbsp;<\/p>\n<h4><em><strong>D\u00e9part et retour<\/strong><\/em><\/h4>\n<p>Ce voyage commence \u00e0 8h00 et se termine vers 16h00. Mais comme il s\u2019agira d\u2019un voyage priv\u00e9, vous pouvez d\u00e9finir l\u2019heure de d\u00e9but et de fin.<\/p>\n<p>Le voyageur obtiendra un point de rendez-vous apr\u00e8s le processus de r\u00e9servation. Les visites commencent et se terminent \u00e0 nos points de rendez-vous.<\/p>\n<p>&nbsp;<\/p>\n<h4><b><i>\u00c0 quoi s&#039;attendre?<\/i><\/b><\/h4>\n<p>&nbsp;<\/p>\n<p><em><strong>Obtenez vos billets<\/strong><\/em>\u00a0pour faire du kayak et du snorkeling dans la baie de Samana. 40 minutes de vues panoramiques incomparables sur la baie de Saman\u00e1 depuis la mer en kayak et plong\u00e9e en apn\u00e9e dans les eaux cristallines d&#039;une plage voisine du c\u00e9l\u00e8bre Cayo Levantado\/Bacardi. D\u00e9jeuner typiquement dominicain sur la plage. Pendant la saison d&#039;observation des baleines, il est possible de voir des baleines \u00e0 bosse.<\/p>\n<p>Le Kayak &amp; Snorkel Tour, organis\u00e9 par \u00ab Booking Adventures \u00bb, commence au point de rendez-vous fix\u00e9 avec le guide touristique. D\u00e9jeuner sur la plage et vous pourrez rester aussi longtemps que vous le souhaitez pour nager. Si vous \u00eates v\u00e9g\u00e9talien, nous pouvons \u00e9galement vous pr\u00e9parer \u00e0 manger.<\/p>\n<p><strong>Calendrier:<\/strong><\/p>\n<p>8h00 \u2013 16h00<\/p>\n<p>&nbsp;<\/p>\n<h4><em><strong>Que devez-vous apporter?<\/strong><\/em><\/h4>\n<ul>\n<li>Appareil photo<\/li>\n<li>Serviette<\/li>\n<li>protection solaire<\/li>\n<li>Chapeau<\/li>\n<li>Pantalons et chaussures confortables.<\/li>\n<li>Des sandales pour la plage<\/li>\n<li>Robe de nageuse<\/li>\n<li>De l&#039;argent pour des souvenirs<\/li>\n<\/ul>\n<p>&nbsp;<\/p>\n<h4><b><i>Prise en charge \u00e0 l&#039;h\u00f4tel<\/i><\/b><\/h4>\n<p>La prise en charge \u00e0 l&#039;h\u00f4tel n&#039;est pas propos\u00e9e pour cette visite.<\/p>\n<p>&nbsp;<\/p>\n<p><b>Note:<\/b>\u00a0Si vous effectuez la r\u00e9servation dans les 24 heures pr\u00e9c\u00e9dant l&#039;heure de d\u00e9part de la visite\/excursion, nous pouvons organiser une prise en charge \u00e0 l&#039;h\u00f4tel moyennant des frais suppl\u00e9mentaires. Une fois votre achat termin\u00e9, nous vous enverrons les coordonn\u00e9es compl\u00e8tes (num\u00e9ro de t\u00e9l\u00e9phone, adresse e-mail, etc.) de notre guide touristique local pour organiser la prise en charge.<\/p>\n<h4><b><i>Confirmation des informations compl\u00e9mentaires<\/i><\/b><\/h4>\n<ol>\n<li>Les billets sont le re\u00e7u apr\u00e8s avoir pay\u00e9 cette tourn\u00e9e. Vous pouvez afficher le paiement sur votre t\u00e9l\u00e9phone.<\/li>\n<li>Le point de rendez-vous sera re\u00e7u apr\u00e8s le processus de r\u00e9servation.<\/li>\n<li>Les enfants doivent \u00eatre accompagn\u00e9s par un adulte.<\/li>\n<li>Accessible aux fauteuils roulants<\/li>\n<li>Les b\u00e9b\u00e9s doivent s&#039;asseoir sur les genoux.<\/li>\n<li>La plupart des voyageurs sont \u00e9ligibles pour participer.<\/li>\n<\/ol>\n<h4><b><i>Politique d&#039;annulation<\/i><\/b><\/h4>\n<p>Pour un remboursement complet, annulez au moins 24 heures avant la date de d\u00e9but de l&#039;exp\u00e9rience.<\/p>\n<\/div>\n<\/div>\n<\/div>\n<\/div>\n<\/div>\n<\/div>\n<\/div>\n<\/div>\n<\/div>\n<\/div>\n<\/div>\n<\/div>\n<div class=\"vc_row wpb_row vc_row-fluid\">\n<div class=\"wpb_column vc_column_container vc_col-sm-12\">\n<div class=\"vc_column-inner\">\n<div class=\"wpb_wrapper\">\n<div class=\"vc_empty_space\"><\/div>\n<div class=\"wpb_text_column wpb_content_element\">\n<div class=\"wpb_wrapper\">\n<h4>Nous contacter?<\/h4>\n<h5><b><i>R\u00e9servations d&#039;aventure<\/i><\/b><\/h5>\n<p><em>Guides touristiques et services aux clients.\u00a0<strong>locale<\/strong>\u00a0et\u00a0<strong>national<\/strong><\/em><\/p>\n<p><span class=\"text-turquoise\">R\u00e9servations:<\/span>\u00a0Visites et excursions \u00e0 Dom. Repr\u00e9sentants.<\/p>\n<p>\ud83d\udcde T\u00e9l\u00e9phone\/Whatsapp\u00a0<a href=\"tel: 1-809-720-6035\">+ 1-809-720-6035<\/a>\u00a0.<\/p>\n<p>\ud83d\udce9\u00a0<a href=\"mailto:info@bookingadventures.com.do\">info@bookingadventures.com.do<\/a><\/p>\n<p><strong>Nous sommes des visites priv\u00e9es avec configuration flexible par Whatsapp :\u00a0<a href=\"tel: 18097206035\">+18097206035.<\/a><\/strong><\/p>\n<\/div>\n<\/div>\n<\/div>\n<\/div>\n<\/div>\n<\/div>\n\n\t\t<\/div>\n\t<\/div>\n<\/div><\/div><\/div><\/div>\n<\/section>","protected":false},"excerpt":{"rendered":"<p>Excursion priv\u00e9e en kayak et plong\u00e9e en apn\u00e9e dans la baie de Samana, en R\u00e9publique dominicaine avec des guides touristiques locaux. N&#039;h\u00e9sitez pas \u00e0 d\u00e9finir l&#039;heure de d\u00e9but qui vous convient le mieux. R\u00e9servez d\u00e8s maintenant cette excursion dans la baie de Samana pour vivre la v\u00e9ritable aventure carib\u00e9enne.<\/p>\n<p>Remarque\u00a0: Cette visite est priv\u00e9e\u00a0!<\/p>\n<p>&nbsp;<\/p>\n<p><em><strong>S\u00e9lectionnez la date de la visite :<\/strong><\/em><\/p>","protected":false},"featured_media":13413,"template":"","meta":[],"product_cat":[946,655,255],"product_tag":[184,328,208,327,187,342,433,276],"class_list":["post-11569","product","type-product","status-publish","has-post-thumbnail","hentry","product_cat-1-sabana-de-la-mar","product_cat-1-samana","product_cat-tours-excursions-samana-bay-dominican-republic","product_tag-bacardi-island","product_tag-cayo-levantado-day-pass","product_tag-kayaking-dominican-republic","product_tag-private-tours-samana","product_tag-samana-tours","product_tag-samana-whale-watching","product_tag-snorkeling","product_tag-whale-samana"],"_links":{"self":[{"href":"https:\/\/ticketswhales.com\/fr\/wp-json\/wp\/v2\/product\/11569","targetHints":{"allow":["GET"]}}],"collection":[{"href":"https:\/\/ticketswhales.com\/fr\/wp-json\/wp\/v2\/product"}],"about":[{"href":"https:\/\/ticketswhales.com\/fr\/wp-json\/wp\/v2\/types\/product"}],"wp:featuredmedia":[{"embeddable":true,"href":"https:\/\/ticketswhales.com\/fr\/wp-json\/wp\/v2\/media\/13413"}],"wp:attachment":[{"href":"https:\/\/ticketswhales.com\/fr\/wp-json\/wp\/v2\/media?parent=11569"}],"wp:term":[{"taxonomy":"product_cat","embeddable":true,"href":"https:\/\/ticketswhales.com\/fr\/wp-json\/wp\/v2\/product_cat?post=11569"},{"taxonomy":"product_tag","embeddable":true,"href":"https:\/\/ticketswhales.com\/fr\/wp-json\/wp\/v2\/product_tag?post=11569"}],"curies":[{"name":"wp","href":"https:\/\/api.w.org\/{rel}","templated":true}]}}