{"id":9464,"date":"2019-09-26T08:12:55","date_gmt":"2019-09-26T08:12:55","guid":{"rendered":"https:\/\/tourwhales.com\/?post_type=product&#038;p=9464"},"modified":"2024-10-18T20:29:18","modified_gmt":"2024-10-18T20:29:18","slug":"media-luna-miches-half-moon-natural-pool-half-day-pass-and-snorkeling","status":"publish","type":"product","link":"https:\/\/ticketswhales.com\/es\/Tours-Excursions\/local-tour-guides\/media-luna-miches-half-moon-natural-pool-half-day-pass-and-snorkeling\/","title":{"rendered":"Media Luna Miches (Half-Moon) Natural Pool Half \u2013 Day Pass y Snorkeling"},"content":{"rendered":"<section class=\"wpb-content-wrapper\"><div class=\"vc_row wpb_row vc_row-fluid\" ><div class=\"wpb_column vc_column_container vc_col-sm-12\"><div class=\"vc_column-inner\"><div class=\"wpb_wrapper\"><div class=\"mkdf-section-title-holder\" style=\"text-align: left\">\n\t<div class=\"mkdf-st-inner\">\n\t\t\t\t\t<h5 class=\"mkdf-st-subtitle\" >\n\t\t\t\tPase de Medio D\u00eda y Snorkel &amp; Nataci\u00f3n en la Piscina Natural\t\t\t<\/h5>\n\t\t\t\t\t\t\t<h3 class=\"mkdf-st-title\" >\n\t\t\t\tMedia Luna Miches (Media Luna)\t\t\t<\/h3>\n\t\t\t\t\t<\/div>\n<\/div><\/div><\/div><\/div><\/div><div class=\"vc_row wpb_row vc_row-fluid\" ><div class=\"wpb_column vc_column_container vc_col-sm-12\"><div class=\"vc_column-inner\"><div class=\"wpb_wrapper\"><div class=\"vc_empty_space\"   style=\"height: 32px\"><span class=\"vc_empty_space_inner\"><\/span><\/div><\/div><\/div><\/div><\/div><div class=\"vc_row wpb_row vc_row-fluid\" ><div class=\"wpb_column vc_column_container vc_col-sm-12\"><div class=\"vc_column-inner\"><div class=\"wpb_wrapper\"><div class=\"vc_btn3-container vc_btn3-inline\" ><button class=\"vc_general vc_btn3 vc_btn3-size-md vc_btn3-shape-rounded vc_btn3-style-modern vc_btn3-color-green\">RESERVAR AHORA<\/button><\/div>\n\t<div class=\"wpb_text_column wpb_content_element\" >\n\t\t<div class=\"wpb_wrapper\">\n\t\t\t<h4><b><i>Descripci\u00f3n general <\/i><\/b><\/h4>\n<p><span style=\"font-weight: 400;\">Si est\u00e1s aqu\u00ed o planeas venir a la Rep\u00fablica Dominicana no debes dejar de visitar este incre\u00edble lugar &#039;&#039;Half Moon&#039;&#039; (Media Luna) con almuerzo incluido, esta es una preciosa piscina natural dentro del oc\u00e9ano decorada por sus arrecifes. , corales y arena blanca. <\/span><\/p>\n<p><span style=\"font-weight: 400;\">Este es el lugar donde podemos disfrutar nadando, observando y tomando fotograf\u00edas submarinas. Est\u00e1 permitido tomar fotos hacia o con las estrellas de mar en su h\u00e1bitat natural.<\/span><\/p>\n<p>&nbsp;<\/p>\n<ul>\n<li>Traslado en barco a Media Luna<\/li>\n<li style=\"font-weight: 400;\"><span style=\"font-weight: 400;\">El Capit\u00e1n proporciona instrucci\u00f3n y Supervisi\u00f3n.<\/span><\/li>\n<\/ul>\n<p>&nbsp;<\/p>\n<h4><b>Inclusiones y Exclusiones<\/b><\/h4>\n<p>&nbsp;<\/p>\n<p><b>Inclusiones<\/b><\/p>\n<ol>\n<li style=\"font-weight: 400;\"><span style=\"font-weight: 400;\">Todos los impuestos, tasas y gastos de tramitaci\u00f3n<\/span><\/li>\n<li style=\"font-weight: 400;\"><span style=\"font-weight: 400;\">Impuestos locales<\/span><\/li>\n<li style=\"font-weight: 400;\"><span style=\"font-weight: 400;\">Bebidas<\/span><\/li>\n<\/ol>\n<p><b> Exclusiones<\/b><\/p>\n<ol>\n<li style=\"font-weight: 400;\"><span style=\"font-weight: 400;\">Propinas<\/span><\/li>\n<li style=\"font-weight: 400;\"><span style=\"font-weight: 400;\">Transferencia de coche<\/span><\/li>\n<li>Almuerzo<\/li>\n<li style=\"font-weight: 400;\"><span style=\"font-weight: 400;\">Bebidas alcoh\u00f3licas<\/span><\/li>\n<li>Gu\u00eda local<\/li>\n<\/ol>\n<p>&nbsp;<\/p>\n<h4><em><strong>Salida y Regreso<\/strong><\/em><\/h4>\n<p><span style=\"font-weight: 400;\">El viajero obtendr\u00e1 un punto de encuentro despu\u00e9s del Proceso de Reserva. Los tours comienzan y terminan en nuestros puntos de encuentro.<\/span><\/p>\n<p>&nbsp;<\/p>\n<h3>Media Luna Miches (Half-Moon) Natural Pool Half \u2013 Day Pass y Snorkeling<\/h3>\n<h4><b><i>\u00bfQue esperar?<\/i><\/b><\/h4>\n<p>&nbsp;<\/p>\n<p>Aparta tus boletos para venir con nosotros a visitar Half Moon y disfrutar de un almuerzo t\u00edpico en la comunidad de Miches. Esta excursi\u00f3n parte de Miches habilitando el malec\u00f3n hacia el poniente desde donde se embarcan modernos catamaranes y lanchas r\u00e1pidas, las cuales cuentan con el transporte autorizado con licencia para operar en la zona tur\u00edstica. Para llegar al foso principal hay que atravesar un laberinto de agua, rodeado de bancos de arena.<\/p>\n<p>Nadie puede escapar de conocer este recurso h\u00eddrico con atractivo tur\u00edstico en Miches, siendo este el \u00fanico lugar en la zona, donde los turistas y vacacionistas pueden disfrutar y toparse con las estrellas y peces de tama\u00f1o considerable. Es un lugar donde el nivel del agua depende del horizonte de las mareas o corrientes marinas, que cuando es alta se hace m\u00e1s profunda y cuando es baja el caudal de la poza disminuye. Al estar escondida y al ser su acceso por el mar, la convierte en un lugar m\u00e1gico y virgen, para quien la visita no quiere irse. Aqu\u00ed no hay \u00e1rboles para resguardarse del sol, pero el agua est\u00e1 fr\u00eda acunando o meciendo los vientos alisios de la zona. Se puede resumir que es una laguna natural en el Oc\u00e9ano Atl\u00e1ntico, que debe su nombre a que observada desde arriba se asemeja a una media luna.<\/p>\n<p>Los lugare\u00f1os tambi\u00e9n lo llaman Cayo de la Media Luna, formado por arrecifes de coral y arena blanca, de agua cristalina salpicada por doquier para romper olas naturales, que calman sus aguas. Cuando la marea est\u00e1 estable su profundidad no supera los tres pies, lo que hace que ni\u00f1os y adultos disfruten de este paradis\u00edaco lugar de agua salada.<\/p>\n<p><strong>Calendario:<\/strong><\/p>\n<p>8:45 a. m. a 1:30 p. m.<\/p>\n<p>&nbsp;<\/p>\n<h4><em><strong>\u00bfQu\u00e9 debes traer?<\/strong><\/em><\/h4>\n<ul>\n<li style=\"font-weight: 400;\"><span style=\"font-weight: 400;\">C\u00e1mara<\/span><\/li>\n<li style=\"font-weight: 400;\"><span style=\"font-weight: 400;\">Cogollos repelentes<\/span><\/li>\n<li style=\"font-weight: 400;\"><span style=\"font-weight: 400;\">crema solar<\/span><\/li>\n<li style=\"font-weight: 400;\"><span style=\"font-weight: 400;\">Sombrero<\/span><\/li>\n<li style=\"font-weight: 400;\"><span style=\"font-weight: 400;\">Pantalones c\u00f3modos<\/span><\/li>\n<li style=\"font-weight: 400;\"><span style=\"font-weight: 400;\">Zapatos de senderismo para el bosque<\/span><\/li>\n<li style=\"font-weight: 400;\"><span style=\"font-weight: 400;\">Sandalias a la playa<\/span><\/li>\n<li style=\"font-weight: 400;\"><span style=\"font-weight: 400;\">Vestido nadador<\/span><\/li>\n<li>Efectivo para souvenirs<\/li>\n<\/ul>\n<p>&nbsp;<\/p>\n<h4><b><i>Recogida en el hotel <\/i><\/b><\/h4>\n<p><span style=\"font-weight: 400;\">No se ofrece recogida en el hotel para este tour. <\/span><\/p>\n<p>&nbsp;<\/p>\n<p><b>Nota:<\/b><span style=\"font-weight: 400;\"> Si realiza la reserva dentro de las 24 horas anteriores a la hora de salida del tour\/excursi\u00f3n, podemos organizar la recogida en el hotel con cargos adicionales. Una vez que se complete su compra, le enviaremos la informaci\u00f3n de contacto completa (n\u00famero de tel\u00e9fono, direcci\u00f3n de correo electr\u00f3nico, etc.) para que nuestro gu\u00eda tur\u00edstico local organice los arreglos de recogida.<\/span><\/p>\n<h4><b><i>Confirmaci\u00f3n de informaci\u00f3n adicional <\/i><\/b><\/h4>\n<ol>\n<li>Los boletos son el Recibo despu\u00e9s de pagar este Tour. Puede mostrar el pago en su tel\u00e9fono.<\/li>\n<li style=\"font-weight: 400;\"><span style=\"font-weight: 400;\">El Punto de Encuentro se recibir\u00e1 Despu\u00e9s del Proceso de Reserva.<\/span><\/li>\n<li style=\"font-weight: 400;\"><span style=\"font-weight: 400;\">Los ni\u00f1os deben estar acompa\u00f1ados por un adulto.<\/span><\/li>\n<li style=\"font-weight: 400;\"><span style=\"font-weight: 400;\">silla de ruedas accesible <\/span><\/li>\n<li style=\"font-weight: 400;\"><span style=\"font-weight: 400;\">Los beb\u00e9s deben sentarse en el regazo <\/span><\/li>\n<li style=\"font-weight: 400;\"><span style=\"font-weight: 400;\">La mayor\u00eda de los viajeros pueden participar<\/span><\/li>\n<\/ol>\n<h4><b><i>Pol\u00edtica de cancelaci\u00f3n<\/i><\/b><\/h4>\n<p>Para obtener un reembolso completo, lea nuestras Pol\u00edticas de cancelaci\u00f3n\u00a0<a href=\"https:\/\/tourwhales.com\/online-booking\/\" target=\"_blank\" rel=\"noopener\" data-saferedirecturl=\"https:\/\/www.google.com\/url?q=https:\/\/tourwhales.com\/online-booking\/&amp;source=gmail&amp;ust=1672532492004000&amp;usg=AOvVaw3ylqI1cdbIPTimEqEWneyd\">haga clic aqu\u00ed<\/a>. Los fondos se perder\u00e1n si la reserva se cancela el mismo d\u00eda del viaje.<\/p>\n\n\t\t<\/div>\n\t<\/div>\n<\/div><\/div><\/div><\/div><div class=\"vc_row wpb_row vc_row-fluid\" ><\/div><div class=\"wpb_column vc_column_container vc_col-sm-12\"><div class=\"vc_column-inner\"><div class=\"wpb_wrapper\"><\/div><\/div><\/div><div class=\"vc_empty_space\"   style=\"height: 32px\"><span class=\"vc_empty_space_inner\"><\/span><\/div><div class=\"vc_empty_space\"   style=\"height: 32px\"><span class=\"vc_empty_space_inner\"><\/span><\/div><div class=\"vc_row wpb_row vc_row-fluid\" ><\/div><div class=\"wpb_column vc_column_container vc_col-sm-12\"><div class=\"vc_column-inner\"><div class=\"wpb_wrapper\"><\/div><\/div><\/div><div class=\"vc_row wpb_row vc_row-fluid\" ><div class=\"wpb_column vc_column_container vc_col-sm-12\"><div class=\"vc_column-inner\"><div class=\"wpb_wrapper\"><div class=\"vc_btn3-container vc_btn3-inline\" ><button class=\"vc_general vc_btn3 vc_btn3-size-md vc_btn3-shape-rounded vc_btn3-style-modern vc_btn3-color-green\">RESERVAR AHORA<\/button><\/div><\/div><\/div><\/div><\/div>\n<\/section>","protected":false},"excerpt":{"rendered":"<p>Media Luna Miches Pase de medio d\u00eda y snorkel en piscina natural. Visita la Bah\u00eda de Saman\u00e1 desde Miches con los lugare\u00f1os y nada en medio de la Bah\u00eda de Saman\u00e1. Peque\u00f1as \u00e1reas de arrecifes de coral para explorar y hacer snorkel. Media Luna es una Nueva Atracci\u00f3n en Rep\u00fablica Dominicana.<\/p>\n<p><strong>Seleccione la fecha de la gira:<\/strong><\/p>","protected":false},"featured_media":9467,"template":"","meta":[],"product_cat":[655,170,430,253,254,255],"product_tag":[183,337,412,177,439,438,429,432,437,436,435,186,199,200,187,433,434],"class_list":["post-9464","product","type-product","status-publish","has-post-thumbnail","hentry","product_cat-1-samana","product_cat-local-tour-guides","product_cat-media-luna-miches","product_cat-tours-and-excursions","product_cat-tours-excursions-los-haitises-national-park","product_cat-tours-excursions-samana-bay-dominican-republic","product_tag-beach-time","product_tag-cayo-arena","product_tag-cayo-arena-samana","product_tag-locals-guides","product_tag-media-luna-el-seibo","product_tag-media-luna-in-miches","product_tag-media-luna-miches","product_tag-media-luna-snorkeling","product_tag-miches-hoteles","product_tag-miches-montana-redonda","product_tag-playa-esmeralda-miches","product_tag-samana","product_tag-samana-bay","product_tag-samana-excursions","product_tag-samana-tours","product_tag-snorkeling","product_tag-snorkeling-miches-media-luna"],"_links":{"self":[{"href":"https:\/\/ticketswhales.com\/es\/wp-json\/wp\/v2\/product\/9464","targetHints":{"allow":["GET"]}}],"collection":[{"href":"https:\/\/ticketswhales.com\/es\/wp-json\/wp\/v2\/product"}],"about":[{"href":"https:\/\/ticketswhales.com\/es\/wp-json\/wp\/v2\/types\/product"}],"wp:featuredmedia":[{"embeddable":true,"href":"https:\/\/ticketswhales.com\/es\/wp-json\/wp\/v2\/media\/9467"}],"wp:attachment":[{"href":"https:\/\/ticketswhales.com\/es\/wp-json\/wp\/v2\/media?parent=9464"}],"wp:term":[{"taxonomy":"product_cat","embeddable":true,"href":"https:\/\/ticketswhales.com\/es\/wp-json\/wp\/v2\/product_cat?post=9464"},{"taxonomy":"product_tag","embeddable":true,"href":"https:\/\/ticketswhales.com\/es\/wp-json\/wp\/v2\/product_tag?post=9464"}],"curies":[{"name":"wp","href":"https:\/\/api.w.org\/{rel}","templated":true}]}}