{"id":18361,"date":"2024-04-23T15:22:29","date_gmt":"2024-04-23T15:22:29","guid":{"rendered":"https:\/\/tourwhales.com\/?post_type=product&#038;p=18361"},"modified":"2024-10-17T23:39:09","modified_gmt":"2024-10-17T23:39:09","slug":"jarabacoa-atv-ride-baiguate-waterfall","status":"publish","type":"product","link":"https:\/\/ticketswhales.com\/es\/Tours-Excursions\/fees-entrace\/jarabacoa-atv-ride-baiguate-waterfall\/","title":{"rendered":"Jarabacoa: ATV Ride &#038; Baiguate Waterfall"},"content":{"rendered":"<section class=\"wpb-content-wrapper\"><div class=\"vc_row wpb_row vc_row-fluid\" ><div class=\"wpb_column vc_column_container vc_col-sm-12\"><div class=\"vc_column-inner\"><div class=\"wpb_wrapper\">\n\t<div class=\"wpb_text_column wpb_content_element\" >\n\t\t<div class=\"wpb_wrapper\">\n\t\t\t<h1>Jarabacoa con Cascadas de Jimenoa y Baiguate<\/h1>\n\n\t\t<\/div>\n\t<\/div>\n<\/div><\/div><\/div><\/div><div class=\"vc_row wpb_row vc_row-fluid\" ><div class=\"wpb_column vc_column_container vc_col-sm-12\"><div class=\"vc_column-inner\"><div class=\"wpb_wrapper\">\n\t<div class=\"wpb_text_column wpb_content_element\" >\n\t\t<div class=\"wpb_wrapper\">\n\t\t\t<h3 class=\"product-head__title\">Jarabacoa: ATV Ride &amp; Baiguate Waterfall<\/h3>\n<h4><b><i>Descripci\u00f3n general <\/i><\/b><\/h4>\n<p>Embark on this thrilling adventure in Jarabacoa, an enchanting destination brimming with exciting experiences that lie ahead. Immerse yourself in the vibrant community known as the city of eternal spring and discover the birthplace of the Dominican Republic&#8217;s main rivers. This extraordinary journey will take you to the most legendary sites in Jarabacoa, including a refreshing swim at Baiguate Waterfall.<\/p>\n<p>Once everyone is prepared, we will embark on our journey to the charming rural areas of the city of Jarabacoa, where the bumpy roads and the refreshing mountain air of the countryside in the central north of the country will unveil the breathtaking beauty of nature throughout this exhilarating adventure.<\/p>\n<p>Some of the places you will visit during this trip are La Confluencia, where the Jimenoa and Yaque del Norte rivers, Cieneguita, and Monte Arriba converge, as well as the breathtaking Jarabacoa and the historic city of the eternal spring break, you will be riding your ATV for about two hours.<\/p>\n<p>After riding about 30 kilometers, we will head to the Baiguate Waterfall for a 10-minute walk and swim in natural pools.<\/p>\n<p>In this journey stage, you will have the amazing opportunity to swim for approximately one hour in the captivating waters of Baiguate. You will also have the chance to indulge in the luscious taste of fresh ice cream, handpicked daily from the bountiful lands of the skilled farmers of Jarabacoa. With its majestic 82-foot drop, Baiguate offers a picturesque haven to unwind and rejuvenate before returning to the bustling city.<\/p>\n<ul>\n<li style=\"font-weight: 400;\">Tarifas incluidas<\/li>\n<li>Almuerzo<\/li>\n<li>Meriendas<\/li>\n<li style=\"font-weight: 400;\">Local Tour Guide in English or Spanish<\/li>\n<\/ul>\n<h4><b>Inclusiones y Exclusiones<\/b><\/h4>\n<p><b>Inclusiones<\/b><\/p>\n<ol>\n<li>Almuerzo<\/li>\n<li style=\"font-weight: 400;\"><span style=\"font-weight: 400;\">Todos los impuestos, tasas y gastos de tramitaci\u00f3n<\/span><\/li>\n<li style=\"font-weight: 400;\"><span style=\"font-weight: 400;\">Impuestos locales<\/span><\/li>\n<li style=\"font-weight: 400;\"><span style=\"font-weight: 400;\">Bebidas<\/span><\/li>\n<li style=\"font-weight: 400;\"><span style=\"font-weight: 400;\">Todas las actividades<\/span><\/li>\n<li style=\"font-weight: 400;\"><span style=\"font-weight: 400;\">Gu\u00eda local<\/span><\/li>\n<\/ol>\n<p><b> Exclusiones<\/b><\/p>\n<ol>\n<li style=\"font-weight: 400;\"><span style=\"font-weight: 400;\">Propinas<\/span><\/li>\n<li>transporte (Configurado poni\u00e9ndose en contacto con nosotros)<\/li>\n<li style=\"font-weight: 400;\"><span style=\"font-weight: 400;\">Bebidas alcoh\u00f3licas<\/span><\/li>\n<\/ol>\n<h4><em><strong>Salida y Regreso<\/strong><\/em><\/h4>\n<p><span style=\"font-weight: 400;\">El viajero obtendr\u00e1 un punto de encuentro despu\u00e9s del Proceso de Reserva. Los recorridos comienzan y terminan en sus puntos de encuentro.<\/span><\/p>\n<h3 class=\"product-head__title\">Jarabacoa: ATV Ride &amp; Baiguate Waterfall<\/h3>\n<h4><b><i>\u00bfQue esperar?<\/i><\/b><\/h4>\n<p>Get your ticket for the Baiguate Waterfalls Tour from Jarabacoa City by ATV. The tour involves riding an all-terrain vehicle that offers safety and ease of handling while allowing you to have greater contact with the terrain and nature around you. Enjoy the breeze, sun, and rain, and take in the surrounding landscape while comfortably and safely driving through off-road tracks in the forest.<\/p>\n<p>The tour starts from a meeting point that you will need to confirm with our travel agents or tour guide before proceeding to any location. Upon meeting your guide, you will receive a briefing about the tour and everything related to your day. Once everyone is ready, we will start our ride to some rural areas of Jarabacoa Town, where you&#8217;ll experience the bumpy roads and mountain air of the countryside from the central north of the country.<\/p>\n<p>During the trip, you will visit several locations such as La Confluencia, where Jimenoa and Yaque Del Norte River meet, Cieneguita, and Monte Arriba. After riding for about 30 kilometers, we will head to the Baiguate Waterfall, which involves a 10-minute hike and swimming in natural pools.<\/p>\n<p>You will have the opportunity to swim for approximately 30 minutes. Baiguate waterfall has an 82-foot-high fall, making it the perfect place to relax before heading back to town. After visiting the waterfall, we will head to Ivon&#8217;s to try the best local ice cream flavor, homemade by a local expert, and then walk to Duarte Central Park for the last part of the tour.<\/p>\n<p>The tour lasts for 4 hours, including the two-hour ATV ride, Baiguate, lunch, and Helados Ivon. It allows you to oversee Jarabacoa and ends in the same place where it started. Please book with time as there are only a limited number of specialist ecologist tour guides available in the park.<\/p>\n<h4><em><strong>\u00bfQu\u00e9 debes traer?<\/strong><\/em><\/h4>\n<ul>\n<li style=\"font-weight: 400;\"><span style=\"font-weight: 400;\">C\u00e1mara<\/span><\/li>\n<li style=\"font-weight: 400;\"><span style=\"font-weight: 400;\">Cogollos repelentes<\/span><\/li>\n<li style=\"font-weight: 400;\"><span style=\"font-weight: 400;\">crema solar<\/span><\/li>\n<li style=\"font-weight: 400;\"><span style=\"font-weight: 400;\">Sombrero<\/span><\/li>\n<li style=\"font-weight: 400;\"><span style=\"font-weight: 400;\">Pantalones c\u00f3modos<\/span><\/li>\n<li style=\"font-weight: 400;\"><span style=\"font-weight: 400;\">Zapatos de senderismo para el bosque<\/span><\/li>\n<li style=\"font-weight: 400;\"><span style=\"font-weight: 400;\">Sandalias para las zonas Primavera.<\/span><\/li>\n<li style=\"font-weight: 400;\"><span style=\"font-weight: 400;\">Vestido nadador<\/span><\/li>\n<\/ul>\n<h4><b><i>Recogida en el hotel <\/i><\/b><\/h4>\n<p><span style=\"font-weight: 400;\">Hotel pick-up is not offered for this tour. We set Pick up by contacting us by WhatsApp.<\/span><\/p>\n<p><b>Nota:<\/b><span style=\"font-weight: 400;\"> If you are booking within 24 hours of the tour\/Excursion departure time, we can arrange hotel pick-up with extra Charges. Once your purchase is complete, we will send you complete contact information (phone number, email address, etc.) for our local Tour guide to organize pick-up arrangements.<\/span><\/p>\n<h4><b><i>Confirmaci\u00f3n de informaci\u00f3n adicional <\/i><\/b><\/h4>\n<ol>\n<li>Los boletos son el Recibo despu\u00e9s de pagar por este Tour. Puede mostrar el pago en su tel\u00e9fono.<\/li>\n<li style=\"font-weight: 400;\"><span style=\"font-weight: 400;\">El Punto de Encuentro se recibir\u00e1 Despu\u00e9s del Proceso de Reserva.<\/span><\/li>\n<li style=\"font-weight: 400;\"><span style=\"font-weight: 400;\">Los ni\u00f1os deben estar acompa\u00f1ados por un adulto.<\/span><\/li>\n<li style=\"font-weight: 400;\"><span style=\"font-weight: 400;\"> No accesible para sillas de ruedas <\/span><\/li>\n<li style=\"font-weight: 400;\"><span style=\"font-weight: 400;\">Los beb\u00e9s deben sentarse en el regazo <\/span><\/li>\n<li style=\"font-weight: 400;\"><span style=\"font-weight: 400;\">No recomendado para viajeros con problemas de espalda.<\/span><\/li>\n<li style=\"font-weight: 400;\"><span style=\"font-weight: 400;\">No recomendado para viajeros embarazadas. <\/span><\/li>\n<li style=\"font-weight: 400;\"><span style=\"font-weight: 400;\"> Sin problemas card\u00edacos u otras condiciones m\u00e9dicas graves. <\/span><\/li>\n<li style=\"font-weight: 400;\"><span style=\"font-weight: 400;\">La mayor\u00eda de los viajeros pueden participar<\/span><\/li>\n<li>This option is sharing one four-wheel with two people<\/li>\n<\/ol>\n<h4><b><i>Pol\u00edtica de cancelaci\u00f3n<\/i><\/b><\/h4>\n<p>Para obtener un reembolso completo, lea nuestras pol\u00edticas de cancelaci\u00f3n <a href=\"https:\/\/tourwhales.com\/online-booking\/\" target=\"_blank\" rel=\"noopener\" data-saferedirecturl=\"https:\/\/www.google.com\/url?q=https:\/\/tourwhales.com\/online-booking\/&amp;source=gmail&amp;ust=1672449202351000&amp;usg=AOvVaw1yAeVAPktmaVCqDujgUn90\">haga clic aqu\u00ed<\/a>. Los fondos se perder\u00e1n si la reserva se cancela el mismo d\u00eda del viaje.<\/p>\n\n\t\t<\/div>\n\t<\/div>\n<\/div><\/div><\/div><\/div><div class=\"vc_row wpb_row vc_row-fluid\" ><div class=\"wpb_column vc_column_container vc_col-sm-12\"><div class=\"vc_column-inner\"><div class=\"wpb_wrapper\">\n\t<div class=\"wpb_video_widget wpb_content_element vc_clearfix   vc_video-aspect-ratio-169 vc_video-el-width-100 vc_video-align-left\" >\n\t\t<div class=\"wpb_wrapper\">\n\t\t\t<h2 class=\"wpb_heading wpb_video_heading\">V\u00eddeo de la ciudad de Jarabacoa:<\/h2>\n\t\t\t<div class=\"wpb_video_wrapper\"><iframe loading=\"lazy\" title=\"Jarabacoa, Turismo entre r\u00edos y monta\u00f1a\" width=\"1100\" height=\"619\" src=\"https:\/\/www.youtube.com\/embed\/FRHfK4RS39A?feature=oembed\" frameborder=\"0\" allow=\"accelerometer; autoplay; clipboard-write; encrypted-media; gyroscope; picture-in-picture\" allowfullscreen><\/iframe><\/div>\n\t\t<\/div>\n\t<\/div>\n<\/div><\/div><\/div><\/div><div class=\"wpb_column vc_column_container vc_col-sm-12\"><div class=\"vc_column-inner\"><div class=\"wpb_wrapper\"><\/div><\/div><\/div>\n<\/section>","protected":false},"excerpt":{"rendered":"<p>Acomp\u00e1\u00f1anos y viaja con un experto local de Jarabacoa y vive la experiencia \u00fanica de visitar los mejores lugares de la capital del ecoturismo partiendo desde Jarabacoa, este tour te llevar\u00e1 a conocer el hermoso paisaje de la estancia de monta\u00f1a m\u00e1s grande de Rep\u00fablica Dominicana. Mientras conduces por los diferentes lugares, sentir\u00e1s el aire de la monta\u00f1a y disfrutar\u00e1s de la belleza del campo.<\/p>\n<p><strong>Seleccione la fecha para el Tour:<\/strong><\/p>","protected":false},"featured_media":18365,"template":"","meta":[],"product_cat":[1132,159,1131,889,253],"product_tag":[895,892,891,890,1133,896,894,893],"class_list":["post-18361","product","type-product","status-publish","has-post-thumbnail","hentry","product_cat-atv-jarabacoa","product_cat-fees-entrace","product_cat-jarabacoa","product_cat-jarabacoa-buggy","product_cat-tours-and-excursions","product_tag-baiguate-waterfall","product_tag-jarabacoa-buggies","product_tag-jarabacoa-buggy","product_tag-jarabacoa-tour","product_tag-jarabacoa-atv-ride-baiguate-waterfall","product_tag-jimenoa-waterfall","product_tag-salto-baiguate","product_tag-salto-jimenoa"],"_links":{"self":[{"href":"https:\/\/ticketswhales.com\/es\/wp-json\/wp\/v2\/product\/18361","targetHints":{"allow":["GET"]}}],"collection":[{"href":"https:\/\/ticketswhales.com\/es\/wp-json\/wp\/v2\/product"}],"about":[{"href":"https:\/\/ticketswhales.com\/es\/wp-json\/wp\/v2\/types\/product"}],"wp:featuredmedia":[{"embeddable":true,"href":"https:\/\/ticketswhales.com\/es\/wp-json\/wp\/v2\/media\/18365"}],"wp:attachment":[{"href":"https:\/\/ticketswhales.com\/es\/wp-json\/wp\/v2\/media?parent=18361"}],"wp:term":[{"taxonomy":"product_cat","embeddable":true,"href":"https:\/\/ticketswhales.com\/es\/wp-json\/wp\/v2\/product_cat?post=18361"},{"taxonomy":"product_tag","embeddable":true,"href":"https:\/\/ticketswhales.com\/es\/wp-json\/wp\/v2\/product_tag?post=18361"}],"curies":[{"name":"wp","href":"https:\/\/api.w.org\/{rel}","templated":true}]}}