{"id":18354,"date":"2024-02-24T09:33:43","date_gmt":"2024-02-24T09:33:43","guid":{"rendered":"https:\/\/tourwhales.com\/?post_type=product&#038;p=18354"},"modified":"2024-10-17T23:39:09","modified_gmt":"2024-10-17T23:39:09","slug":"las-7-playas-escondidas-de-samana","status":"publish","type":"product","link":"https:\/\/ticketswhales.com\/es\/Tours-Excursions\/lunch\/las-7-playas-escondidas-de-samana\/","title":{"rendered":"Las 7 Playas Escondidas de Saman\u00e1"},"content":{"rendered":"<section class=\"wpb-content-wrapper\"><div class=\"vc_row wpb_row vc_row-fluid\" ><div class=\"wpb_column vc_column_container vc_col-sm-12\"><div class=\"vc_column-inner\"><div class=\"wpb_wrapper\"><div class=\"vc_btn3-container vc_btn3-inline\" ><button class=\"vc_general vc_btn3 vc_btn3-size-md vc_btn3-shape-rounded vc_btn3-style-modern vc_btn3-color-green\">RESERVAR AHORA<\/button><\/div><div class=\"mkdf-section-title-holder\" style=\"text-align: left\">\n\t<div class=\"mkdf-st-inner\">\n\t\t\t\t\t<h5 class=\"mkdf-st-subtitle\" >\n\t\t\t\tAlmuerzo, Paseo en Bote y Transporte Privado Desde Hoteles.\t\t\t<\/h5>\n\t\t\t\t\t\t\t<h3 class=\"mkdf-st-title\" >\n\t\t\t\tPlaya Rinc\u00f3n, Playa Front\u00f3n + Playa Madame Beach, Saman\u00e1 - Rep\u00fablica Dominicana.\t\t\t<\/h3>\n\t\t\t\t\t<\/div>\n<\/div>\n\t<div class=\"wpb_text_column wpb_content_element\" >\n\t\t<div class=\"wpb_wrapper\">\n\t\t\t<h3>Playa Calet\u00f3n, Playa Escondida, Playa Colorado, Playa del Amor, Playa La Vaca, Playa la Playita Playa Brem\u00e1n.<\/h3>\n<h4><b><i>Descripci\u00f3n general <\/i><\/b><\/h4>\n<h5><span class=\"VIpgJd-yAWNEb-VIpgJd-fmcmS-sn54Q\">The 7 Beaches of Paradise\u201c or 7 hidden beaches: An unforgettable experience!\u00a0<\/span><\/h5>\n<p>A Hiking or Hiking tour, where you can contemplate the beauty of 7 paradisiacal virgin beaches and connect with nature in all its splendor!\u00a0These beaches are wonderful and we will accompany you and guide you on your journey so that you can find them.\u00a0You will enjoy the beauty of the landscape and also a delicious typical Dominican food on the beach and a nice boat ride back!<\/p>\n<p>Below we explain the details of this wonderful Hiking, with return by boat.\u00a0<strong>Duration of the Excursion:<\/strong>\u00a0\u00a0From 9:30 a.m. to 3:30 p.m. approximately and a 3 km tour of Paradise.<\/p>\n<h5>What includes?<\/h5>\n<ol>\n<li>Includes expert local guide knowledgeable about the area.<\/li>\n<li>Lunch or lunch at the typical Playa Rinc\u00f3n Restaurant.\u00a0(Includes salad, rice, tostones, chicken with 1 water)<\/li>\n<li>Return boat or boat.<\/li>\n<\/ol>\n<h5>When and where do we start?<\/h5>\n<p>We will visit the Duarte cave and learn about the flora around the cave, which the Ta\u00ednos used to make their healing medicine and their food such as gu\u00e1yiga bread and other plants\u2026.\u00a0We will exit through the opposite end of the cave and reach a nice *viewpoint* where we can contemplate the spectacular route we are going to take, from the top of a peak.<\/p>\n<h5>Description of our Hiking:<\/h5>\n<ol>\n<li>Playa de Calet\u00f3n<\/li>\n<li>Hidden Beach<\/li>\n<li>Colorada Beach 1<\/li>\n<li>Colorada Beach 2<\/li>\n<li>\u00d1i\u00f1ingo beach<\/li>\n<li>Love beach<\/li>\n<li>Playa de Brem\u00e1n<\/li>\n<\/ol>\n<p>To get to Rinc\u00f3n beach, where our boat is waiting for us that will take us to Playa Grande de Las Galeras.<\/p>\n<h5>What do i need to bring?<\/h5>\n<p>Sports shoes and light clothing for walking.<br \/>\nTowel, swimsuit and flip flops.<br \/>\nAnd our camera or phone to take wonderful photos throughout our tour.\u00a0(Consult about our Saman\u00e1 Tours and Excursions in Saman\u00e1)<\/p>\n<h5>Come!\u00a0We take you to The 7 beaches of Paradise!\u00a0(7 hidden beaches)<\/h5>\n<h4><b><i>Confirmaci\u00f3n de informaci\u00f3n adicional <\/i><\/b><\/h4>\n<ol>\n<li>Los boletos son el Recibo despu\u00e9s de pagar este Tour. Puede mostrar el pago en su tel\u00e9fono.<\/li>\n<li style=\"font-weight: 400;\"><span style=\"font-weight: 400;\">El Punto de Encuentro se recibir\u00e1 Despu\u00e9s del Proceso de Reserva.<\/span><\/li>\n<li style=\"font-weight: 400;\"><span style=\"font-weight: 400;\">Los ni\u00f1os deben estar acompa\u00f1ados por un adulto.<\/span><\/li>\n<li style=\"font-weight: 400;\"><span style=\"font-weight: 400;\"> No accesible para sillas de ruedas <\/span><\/li>\n<li style=\"font-weight: 400;\"><span style=\"font-weight: 400;\">Los beb\u00e9s deben sentarse en el regazo <\/span><\/li>\n<li style=\"font-weight: 400;\"><span style=\"font-weight: 400;\">No recomendado para viajeros con problemas de espalda.<\/span><\/li>\n<li style=\"font-weight: 400;\"><span style=\"font-weight: 400;\">No recomendado para viajeros embarazadas. <\/span><\/li>\n<li style=\"font-weight: 400;\"><span style=\"font-weight: 400;\"> Sin problemas card\u00edacos u otras condiciones m\u00e9dicas graves. <\/span><\/li>\n<li style=\"font-weight: 400;\"><span style=\"font-weight: 400;\">La mayor\u00eda de los viajeros pueden participar.<\/span><\/li>\n<\/ol>\n<h4><b><i>Pol\u00edtica de cancelaci\u00f3n<\/i><\/b><\/h4>\n<p>Para obtener un reembolso completo, lea nuestras Pol\u00edticas de cancelaci\u00f3n\u00a0<a href=\"https:\/\/tourwhales.com\/online-booking\/\" target=\"_blank\" rel=\"noopener\" data-saferedirecturl=\"https:\/\/www.google.com\/url?q=https:\/\/tourwhales.com\/online-booking\/&amp;source=gmail&amp;ust=1672449202351000&amp;usg=AOvVaw1yAeVAPktmaVCqDujgUn90\">haga clic aqu\u00ed<\/a>. Los fondos se perder\u00e1n si la reserva se cancela el mismo d\u00eda del viaje.<\/p>\n\n\t\t<\/div>\n\t<\/div>\n<div class=\"vc_btn3-container vc_btn3-inline\" ><button class=\"vc_general vc_btn3 vc_btn3-size-md vc_btn3-shape-rounded vc_btn3-style-modern vc_btn3-color-green\">RESERVAR AHORA<\/button><\/div><\/div><\/div><\/div><\/div><div class=\"vc_row wpb_row vc_row-fluid\" ><div class=\"wpb_column vc_column_container vc_col-sm-12\"><div class=\"vc_column-inner\"><div class=\"wpb_wrapper\">\n\t<div class=\"wpb_video_widget wpb_content_element vc_clearfix   vc_video-aspect-ratio-169 vc_video-el-width-100 vc_video-align-left\" >\n\t\t<div class=\"wpb_wrapper\">\n\t\t\t<h2 class=\"wpb_heading wpb_video_heading\">boca del diablo y playa fronton<\/h2>\n\t\t\t<div class=\"wpb_video_wrapper\"><iframe loading=\"lazy\" title=\"Pen\u00ednsula de Saman\u00e1, Rep\u00fablica Dominicana (DJI Phantom 4 4K)\" width=\"1100\" height=\"619\" src=\"https:\/\/www.youtube.com\/embed\/DYDXVm8Q_iM?feature=oembed\" frameborder=\"0\" allow=\"accelerometer; autoplay; encrypted-media; gyroscope; picture-in-picture\" allowfullscreen><\/iframe><\/div>\n\t\t<\/div>\n\t<\/div>\n<\/div><\/div><\/div><\/div><div class=\"vc_row wpb_row vc_row-fluid\" ><\/div><div class=\"wpb_column vc_column_container vc_col-sm-12\"><div class=\"vc_column-inner\"><div class=\"wpb_wrapper\"><\/div><\/div><\/div><div class=\"vc_empty_space\"   style=\"height: 32px\"><span class=\"vc_empty_space_inner\"><\/span><\/div><div class=\"vc_empty_space\"   style=\"height: 32px\"><span class=\"vc_empty_space_inner\"><\/span><\/div><div class=\"vc_row wpb_row vc_row-fluid\" ><div class=\"wpb_column vc_column_container vc_col-sm-12\"><div class=\"vc_column-inner\"><div class=\"wpb_wrapper\"><div class=\"vc_btn3-container vc_btn3-inline\" ><button class=\"vc_general vc_btn3 vc_btn3-size-md vc_btn3-shape-rounded vc_btn3-style-modern vc_btn3-color-green\">RESERVAR AHORA<\/button><\/div><\/div><\/div><\/div><\/div>\n<\/section>","protected":false},"excerpt":{"rendered":"<p>Si est\u00e1 visitando Saman\u00e1 y le gustar\u00eda tener una verdadera experiencia local haciendo senderismo, un viaje en barco y un almuerzo en la playa de Rinc\u00f3n, este es el viaje que debe realizar. Visita las 7 playas escondidas de Saman\u00e1 en el \u00e1rea de Las Galeras, donde tambi\u00e9n puedes visitar una cueva y tomar excelentes videos o fotograf\u00edas para recuerdos incre\u00edbles.<\/p>\n<p><em><strong>Seleccione la fecha para el Tour:\u00a0<\/strong><\/em><\/p>","protected":false},"featured_media":9382,"template":"","meta":[],"product_cat":[160,255],"product_tag":[925,204,378,924,923,279,912,377,913,915,916,914,374,918,917,373,379,327,376,375,200,187],"class_list":["post-18354","product","type-product","status-publish","has-post-thumbnail","hentry","product_cat-lunch","product_cat-tours-excursions-samana-bay-dominican-republic","product_tag-boat-trip-las-galeras","product_tag-el-rincon-beach","product_tag-fronton-beach","product_tag-hike-las-galeras","product_tag-hiking-las-galeras","product_tag-las-galeras","product_tag-las-galeras-tour","product_tag-madame-beach","product_tag-playa-caleton","product_tag-playa-colorado","product_tag-playa-del-amor","product_tag-playa-escondida","product_tag-playa-fronton-playa-madame-beach","product_tag-playa-la-playita-playa-breman","product_tag-playa-la-vaca","product_tag-playa-rincon","product_tag-playa-rincon-tours","product_tag-private-tours-samana","product_tag-rincon-beach-tour","product_tag-samana-dominican-republic","product_tag-samana-excursions","product_tag-samana-tours"],"_links":{"self":[{"href":"https:\/\/ticketswhales.com\/es\/wp-json\/wp\/v2\/product\/18354","targetHints":{"allow":["GET"]}}],"collection":[{"href":"https:\/\/ticketswhales.com\/es\/wp-json\/wp\/v2\/product"}],"about":[{"href":"https:\/\/ticketswhales.com\/es\/wp-json\/wp\/v2\/types\/product"}],"wp:featuredmedia":[{"embeddable":true,"href":"https:\/\/ticketswhales.com\/es\/wp-json\/wp\/v2\/media\/9382"}],"wp:attachment":[{"href":"https:\/\/ticketswhales.com\/es\/wp-json\/wp\/v2\/media?parent=18354"}],"wp:term":[{"taxonomy":"product_cat","embeddable":true,"href":"https:\/\/ticketswhales.com\/es\/wp-json\/wp\/v2\/product_cat?post=18354"},{"taxonomy":"product_tag","embeddable":true,"href":"https:\/\/ticketswhales.com\/es\/wp-json\/wp\/v2\/product_tag?post=18354"}],"curies":[{"name":"wp","href":"https:\/\/api.w.org\/{rel}","templated":true}]}}