{"id":13205,"date":"2021-10-14T18:48:41","date_gmt":"2021-10-14T18:48:41","guid":{"rendered":"https:\/\/tourwhales.com\/?post_type=product&#038;p=13205"},"modified":"2024-10-17T23:39:14","modified_gmt":"2024-10-17T23:39:14","slug":"cano-hondo-hotel-room-free-breakfast-for-5-guests","status":"publish","type":"product","link":"https:\/\/ticketswhales.com\/es\/Tours-Excursions\/hotel-cano-hondo\/cano-hondo-hotel-room-free-breakfast-for-5-guests\/","title":{"rendered":"Hotel Ca\u00f1o Hondo Habitaci\u00f3n &amp; Desayuno Gratis Para 5 Hu\u00e9spedes"},"content":{"rendered":"<section class=\"wpb-content-wrapper\"><div class=\"vc_row wpb_row vc_row-fluid\" ><div class=\"wpb_column vc_column_container vc_col-sm-12\"><div class=\"vc_column-inner\"><div class=\"wpb_wrapper\"><div class=\"vc_btn3-container vc_btn3-inline\" ><button class=\"vc_general vc_btn3 vc_btn3-size-md vc_btn3-shape-rounded vc_btn3-style-modern vc_btn3-color-green\">BOOK NOW<\/button><\/div>\n\t<div class=\"wpb_text_column wpb_content_element \" >\n\t\t<div class=\"wpb_wrapper\">\n\t\t\t<p data-name-en=\"roomsize\"><strong>Free WiFi in the Room or Lobby,\u00a0<\/strong><strong>Free Parking, Daily Housekeeping<\/strong><\/p>\n<p data-name-en=\"roomsize\"><em>(Free Breakfast for 5 Guests)<\/em><\/p>\n<h4 class=\"hprt-lightbox-title\" data-et-view=\"ZdffZZLJbFcFbRAOAcEUJXDbNZRO:1\"><strong>In your bathroom:<\/strong><\/h4>\n<ul class=\"hprt-lightbox-list js-lightbox-facilities\" data-nr-of-facilities=\"4\" data-et-view=\"\">\n<li class=\"hprt-lightbox-list__item js-lightbox-facility\" data-name-en=\"Shower\" data-id=\"4\">\u2022 Shower<\/li>\n<li class=\"hprt-lightbox-list__item js-lightbox-facility\" data-name-en=\"Free Toiletries\" data-id=\"27\">\u2022 Free toiletries<\/li>\n<li class=\"hprt-lightbox-list__item js-lightbox-facility\" data-name-en=\"Bathroom\" data-id=\"38\">\u2022 Ensuite bathroom<\/li>\n<li class=\"hprt-lightbox-list__item js-lightbox-facility\" data-name-en=\"higher level toilet\" data-id=\"151\">\u2022 Raised toilet<\/li>\n<\/ul>\n<h4 class=\"hprt-lightbox-title\"><strong>Room facilities:<\/strong><\/h4>\n<ul class=\"hprt-lightbox-list js-lightbox-facilities\" data-nr-of-facilities=\"10\">\n<li style=\"list-style-type: none;\">\n<ul class=\"hprt-lightbox-list js-lightbox-facilities\" data-nr-of-facilities=\"10\">\n<li class=\"hprt-lightbox-list__item js-lightbox-facility\" data-name-en=\"Balcony\" data-id=\"17\">\u2022 Balcony<\/li>\n<li class=\"hprt-lightbox-list__item js-lightbox-facility\" data-name-en=\"Garden View\" data-id=\"110\">\u2022 Ocean view<\/li>\n<li class=\"hprt-lightbox-list__item js-lightbox-facility\" data-name-en=\"Fan\" data-id=\"30\">\u2022 Fan<\/li>\n<li class=\"hprt-lightbox-list__item js-lightbox-facility\" data-name-en=\"Tumble dryer (machine)\" data-id=\"94\">\u2022 Furniture<\/li>\n<li>\u2022 3 Double beds<\/li>\n<li class=\"hprt-lightbox-list__item js-lightbox-facility\" data-name-en=\"Wardrobe\/Closet\" data-id=\"95\">\u2022 Wardrobe or closet<\/li>\n<\/ul>\n<\/li>\n<\/ul>\n<p>[read more]<\/p>\n<div>\n<h4><strong>Guest access:<\/strong><\/h4>\n<ul>\n<li>\u2022 24-hour front desk<\/li>\n<li>\u2022 16 smoke-free guestrooms<\/li>\n<li>\u2022 Restaurant and bar<\/li>\n<li>\u2022 Multilingual staff<\/li>\n<li>\u2022 A lazy river and 11 outdoor Natural Pools<\/li>\n<li>\u2022 Rooftop terrace<\/li>\n<li>\u2022 Garden<\/li>\n<li>\u2022 Picnic area<\/li>\n<li>\u2022 Daily housekeeping<\/li>\n<li>\u2022 Laundry service<\/li>\n<\/ul>\n<h2><strong><em>Room comforts:<\/em><\/strong><\/h2>\n<ul>\n<li>Ceiling fan<\/li>\n<li>Individually decorated<\/li>\n<li>Hair dryer (on request)<\/li>\n<li>Free bottled water<\/li>\n<li>Balcony<\/li>\n<li>Daily housekeeping<\/li>\n<li>24-hour front desk<\/li>\n<li>Beautiful view<\/li>\n<\/ul>\n<p>[\/read]<\/p>\n<hr \/>\n<h2>More Details About Ca\u00f1o Hondo:<\/h2>\n<h2><strong><em>Bonfire &amp; Camping<\/em><\/strong><\/h2>\n<p>Enjoy a nighttime bonfire under a blanket of stars\u2026 no light pollution just a dark night sky and the sounds of tropical forest life.<\/p>\n<p>In addition to great service, you can enjoy typical local food (fresh seafood) or outdoor activities and excursions with a Local Professional Tour Guide.<\/p>\n<p>Each of our 16 rooms is named after birds that can be found in the National park Los Haitises (there are around 110 species in the park). Above all the rooms are individually decorated, fully positive energy that brings on better stay at Ca\u00f1o Hondo. You can enjoy views of the San Lorenzo Bay and the Samana Bay!<\/p>\n<p>&nbsp;<\/p>\n<hr \/>\n<h2>Special offers Ca\u00f1o Hondo Activities &amp; Excursions<\/h2>\n<ul>\n<li>List of the Activities &amp; Excursions:<\/li>\n<li>Zip lining<\/li>\n<li>Rock wall climbing<\/li>\n<li>Horseback riding<\/li>\n<li>Hiking Trail in the National Park (2 or 4 hours, can be combined with kayaking)<\/li>\n<li>Kayaking (2 or 4 hours, can be combined with hiking)<\/li>\n<li>Guided Boat tours into Los Haitises visiting caves<\/li>\n<li>Whale watching (Season from Jan 15 &#8211; March 30)<\/li>\n<li>Guided Bird Watching<\/li>\n<li>Discover Los Haitises park on the canoe<\/li>\n<li>Cayo Levantado\/Bacardi Island<\/li>\n<li>Waterfalls El Limon<\/li>\n<li>Fronton Beach<\/li>\n<li>Boca del Diablo<\/li>\n<li>ATV + El Valle Beach<\/li>\n<\/ul>\n<p>We make a private or group Tours, combined packages which suit to our guests. For more information about activities and excursions, please contact us.<\/p>\n<h2><span class=\"_6ijom0\">Ca\u00f1o Hondo Guest access<\/span><\/h2>\n<p>What is around &#8230;<\/p>\n<ol>\n<li>16 smoke-free guestrooms<\/li>\n<li>Restaurant and bar\/lounge<\/li>\n<li>Lazy river and 15 outdoor pools<\/li>\n<li>Free water park<\/li>\n<li>Rooftop terrace<\/li>\n<li>24-hour front desk<\/li>\n<li>Daily housekeeping<\/li>\n<li>Garden Views<\/li>\n<li>Laundry service<\/li>\n<li>Multilingual staff<\/li>\n<li>Concierge services<\/li>\n<li>Picnic area<\/li>\n<li>Free buffet breakfast, free WiFi in public areas and free parking<\/li>\n<\/ol>\n<h4><b><i>Cancellation Policy<\/i><\/b><\/h4>\n<p>For a full refund, please read our Cancellations policies\u00a0<a href=\"https:\/\/tourwhales.com\/online-booking\/\" target=\"_blank\" rel=\"noopener\" data-saferedirecturl=\"https:\/\/www.google.com\/url?q=https:\/\/tourwhales.com\/online-booking\/&amp;source=gmail&amp;ust=1672449202351000&amp;usg=AOvVaw1yAeVAPktmaVCqDujgUn90\">Click here<\/a>. Funds will be lost if the reservation is cancelled the same day of the trip.<\/p>\n<\/div>\n\n\t\t<\/div>\n\t<\/div>\n<div class=\"vc_btn3-container vc_btn3-inline\" ><button class=\"vc_general vc_btn3 vc_btn3-size-md vc_btn3-shape-rounded vc_btn3-style-modern vc_btn3-color-green\">BOOK NOW<\/button><\/div><\/div><\/div><\/div><\/div><div class=\"vc_row wpb_row vc_row-fluid\" ><div class=\"wpb_column vc_column_container vc_col-sm-12\"><div class=\"vc_column-inner\"><div class=\"wpb_wrapper\">\n\t<div class=\"wpb_text_column wpb_content_element \" >\n\t\t<div class=\"wpb_wrapper\">\n\t\t\t<h2><em>Other Rooms Options<\/em><\/h2>\n\n\t\t<\/div>\n\t<\/div>\n<\/div><\/div><\/div><\/div><div class=\"vc_row wpb_row vc_row-fluid\" ><div class=\"wpb_column vc_column_container vc_col-sm-12\"><div class=\"vc_column-inner\"><div class=\"wpb_wrapper\"><div class=\"woocommerce columns-3 \"><ul class=\"products columns-3\">\n<li class=\"product type-product post-24072 status-publish first instock product_cat-1-samana product_cat-tours-and-excursions product_cat-tours-excursions-samana-bay-dominican-republic product_cat-w product_cat-whale-watching-samana product_tag-bacardi-island product_tag-best-time-for-whale-watching-in-punta-cana product_tag-cayo-levantado product_tag-dominican-republic product_tag-las-galeras product_tag-las-terrenas product_tag-samana product_tag-samana-bay product_tag-samana-excursions product_tag-samana-tours product_tag-samana-whale-watching product_tag-samana-whale-watching-price product_tag-samana-whale-watching-season product_tag-whale-samana product_tag-whale-tours product_tag-whale-watching-dominican-republic product_tag-whale-watching-excursion product_tag-whale-watching-samana has-post-thumbnail sold-individually shipping-taxable product-type-external\">\n\t<div class=\"mkdf-pl-inner\"><div class=\"mkdf-pl-image\"><div class=\"mkdf-pl-text\"><div class=\"mkdf-pl-text-outer\"><div class=\"mkdf-pl-text-inner\"><a href=\"https:\/\/bookingadventures.tours\/booking.php?tour_id=bca652950c86d0e3def5bdf6893c5721\" data-quantity=\"1\" class=\"button wp-element-button product_type_external\" data-product_id=\"24072\" data-product_sku=\"\" aria-label=\"BOOK NOW\" rel=\"nofollow\">BOOK NOW<\/a><\/div><\/div><\/div><\/div><a href=\"https:\/\/ticketswhales.com\/es\/Tours-Excursions\/tours-and-excursions\/whale-watching-and-cayo-levantado-island-combo-tour\/\" class=\"woocommerce-LoopProduct-link woocommerce-loop-product__link\"><\/a><\/div><div class=\"mkdf-pl-text-wrapper\"><h4 class=\"mkdf-product-list-title\"><a href=\"https:\/\/ticketswhales.com\/es\/Tours-Excursions\/tours-and-excursions\/whale-watching-and-cayo-levantado-island-combo-tour\/\">Whale Watching and Cayo Levantado Island Combo Tour<\/a><\/h4>\n\t<span class=\"price\"><span class=\"woocommerce-Price-amount amount\"><bdi><span class=\"woocommerce-Price-currencySymbol\">&#36;<\/span>59.00<\/bdi><\/span><\/span>\n<\/div><\/li><li class=\"product type-product post-24071 status-publish instock product_cat-1-samana product_cat-tours-and-excursions product_cat-tours-excursions-samana-bay-dominican-republic product_cat-w product_cat-whale-watching-samana product_tag-bacardi-island product_tag-best-time-for-whale-watching-in-punta-cana product_tag-cayo-levantado product_tag-dominican-republic product_tag-las-galeras product_tag-las-terrenas product_tag-samana product_tag-samana-bay product_tag-samana-excursions product_tag-samana-tours product_tag-samana-whale-watching product_tag-samana-whale-watching-price product_tag-samana-whale-watching-season product_tag-whale-samana product_tag-whale-tours product_tag-whale-watching-dominican-republic product_tag-whale-watching-excursion product_tag-whale-watching-samana has-post-thumbnail sold-individually shipping-taxable product-type-external\">\n\t<div class=\"mkdf-pl-inner\"><div class=\"mkdf-pl-image\"><div class=\"mkdf-pl-text\"><div class=\"mkdf-pl-text-outer\"><div class=\"mkdf-pl-text-inner\"><a href=\"https:\/\/bookingadventures.tours\/booking.php?tour_id=bca652950c86d0e3def5bdf6893c5721\" data-quantity=\"1\" class=\"button wp-element-button product_type_external\" data-product_id=\"24071\" data-product_sku=\"\" aria-label=\"BOOK NOW\" rel=\"nofollow\">BOOK NOW<\/a><\/div><\/div><\/div><\/div><a href=\"https:\/\/ticketswhales.com\/es\/Tours-Excursions\/tours-and-excursions\/sunrise-whale-watching-excursion-in-samana-bay\/\" class=\"woocommerce-LoopProduct-link woocommerce-loop-product__link\"><\/a><\/div><div class=\"mkdf-pl-text-wrapper\"><h4 class=\"mkdf-product-list-title\"><a href=\"https:\/\/ticketswhales.com\/es\/Tours-Excursions\/tours-and-excursions\/sunrise-whale-watching-excursion-in-samana-bay\/\">Sunrise Whale Watching Excursion in Saman\u00e1 Bay<\/a><\/h4>\n\t<span class=\"price\"><span class=\"woocommerce-Price-amount amount\"><bdi><span class=\"woocommerce-Price-currencySymbol\">&#36;<\/span>59.00<\/bdi><\/span><\/span>\n<\/div><\/li><li class=\"product type-product post-24069 status-publish last instock product_cat-1-samana product_cat-tours-and-excursions product_cat-tours-excursions-samana-bay-dominican-republic product_cat-w product_cat-whale-watching-samana product_tag-bacardi-island product_tag-best-time-for-whale-watching-in-punta-cana product_tag-cayo-levantado product_tag-dominican-republic product_tag-las-galeras product_tag-las-terrenas product_tag-samana product_tag-samana-bay product_tag-samana-excursions product_tag-samana-tours product_tag-samana-whale-watching product_tag-samana-whale-watching-price product_tag-samana-whale-watching-season product_tag-whale-samana product_tag-whale-tours product_tag-whale-watching-dominican-republic product_tag-whale-watching-excursion product_tag-whale-watching-samana has-post-thumbnail sold-individually shipping-taxable product-type-external\">\n\t<div class=\"mkdf-pl-inner\"><div class=\"mkdf-pl-image\"><div class=\"mkdf-pl-text\"><div class=\"mkdf-pl-text-outer\"><div class=\"mkdf-pl-text-inner\"><a href=\"https:\/\/bookingadventures.tours\/booking.php?tour_id=bca652950c86d0e3def5bdf6893c5721\" data-quantity=\"1\" class=\"button wp-element-button product_type_external\" data-product_id=\"24069\" data-product_sku=\"\" aria-label=\"BOOK NOW\" rel=\"nofollow\">BOOK NOW<\/a><\/div><\/div><\/div><\/div><a href=\"https:\/\/ticketswhales.com\/es\/Tours-Excursions\/tours-and-excursions\/family-friendly-whale-watching-tour-in-samana\/\" class=\"woocommerce-LoopProduct-link woocommerce-loop-product__link\"><\/a><\/div><div class=\"mkdf-pl-text-wrapper\"><h4 class=\"mkdf-product-list-title\"><a href=\"https:\/\/ticketswhales.com\/es\/Tours-Excursions\/tours-and-excursions\/family-friendly-whale-watching-tour-in-samana\/\">Family-Friendly Whale Watching Tour in Saman\u00e1<\/a><\/h4>\n\t<span class=\"price\"><span class=\"woocommerce-Price-amount amount\"><bdi><span class=\"woocommerce-Price-currencySymbol\">&#36;<\/span>59.00<\/bdi><\/span><\/span>\n<\/div><\/li><\/ul>\n<\/div><\/div><\/div><\/div><\/div><div class=\"vc_row wpb_row vc_row-fluid\" ><div class=\"wpb_column vc_column_container vc_col-sm-12\"><div class=\"vc_column-inner\"><div class=\"wpb_wrapper\"><div class=\"vc_btn3-container vc_btn3-inline\" ><button class=\"vc_general vc_btn3 vc_btn3-size-md vc_btn3-shape-rounded vc_btn3-style-modern vc_btn3-color-green\">BOOK NOW<\/button><\/div><\/div><\/div><\/div><\/div>\n<\/section>","protected":false},"excerpt":{"rendered":"<h2><strong>Hotel Ca\u00f1o Hondo<\/strong><\/h2>\n<p><em>(Desayuno Gratis para 5 Hu\u00e9spedes)<\/em><\/p>\n<p>Eco-Lodge es un lugar m\u00e1gico, tranquilo y original donde hospedarse. Este hotel natural y aut\u00e9ntico est\u00e1 ubicado en el famoso Parque Nacional Los Haitises en Sabana de la Mar. \u00a1Todas nuestras habitaciones est\u00e1n llenas de energ\u00eda positiva con una vista incre\u00edble a la Bah\u00eda de San Lorenzo y la Bah\u00eda de Saman\u00e1! Las habitaciones tienen ba\u00f1o privado con agua caliente y ventilador de techo. El desayuno est\u00e1 incluido y se ofrece agua potable y caf\u00e9 gratuitos durante todo el d\u00eda. Tambi\u00e9n puede elegir entre nuestros planes de comidas.<\/p>\n<h4><strong><em><span class=\"_6ijom0\">\u00a0Ca\u00f1o Hondo <\/span><\/em><\/strong><em><strong>Piscinas Naturales<\/strong><\/em><\/h4>\n<p>Disfrute de piscinas ecol\u00f3gicas naturales con agua saludable y refrescante que se mezclan maravillosamente con el paisaje con su familia o invitados. Las piscinas son totalmente biol\u00f3gicas sin necesidad de cloro ni qu\u00edmicos que desarrollan su propia ecolog\u00eda natural y ecosistema equilibrado al estar dise\u00f1adas y construidas de una manera determinada.<\/p>\n<h4><em><strong>Reglas para ni\u00f1os de Ca\u00f1o Hondo:<\/strong><\/em><\/h4>\n<p>-Ni\u00f1os de 2 a 10 a\u00f1os pagan tarifa de ni\u00f1o<br \/>\n-Menores de 2 a\u00f1os sin cargo<\/p>\n<h4><em><strong>Restaurante Ca\u00f1o Hondo:\u00a0<\/strong><\/em><\/h4>\n<p>Hay un men\u00fa con numerosas opciones para que elijas. Tambi\u00e9n se incluye una bebida por persona con cada comida. Las bebidas alcoh\u00f3licas est\u00e1n disponibles por una tarifa, al igual que las bebidas adicionales.<\/p>\n<p>El men\u00fa del hotel cuenta cuentos extravagantes de palabras ind\u00edgenas e historias legendarias de la zona. Tambi\u00e9n se destacan los platos t\u00edpicos de la regi\u00f3n como la jaiba, el caracol y la minutas, un peque\u00f1o pescado de agua dulce que se disfruta, localmente, sazonado y frito. Los jugos de frutas naturales frescas se rotan diariamente: lima, mel\u00f3n, mango, tamarindo, pi\u00f1a, etc.<\/p>","protected":false},"featured_media":13230,"template":"","meta":[],"product_cat":[807,979,977],"product_tag":[425,879,176,421,211,804,978,423],"class_list":["post-13205","product","type-product","status-publish","has-post-thumbnail","hentry","product_cat-hotel-cano-hondo","product_cat-room-hotel-cano-hondo","product_cat-room-offers","product_tag-altos-cano-hondo","product_tag-altos-de-cano-hondo","product_tag-cano-hondo","product_tag-cano-hondo-day-pass","product_tag-cano-hondo-hotel","product_tag-hotel-cano-hondo","product_tag-hotel-sabana-de-la-mar","product_tag-paraiso-cano-hondo"],"_links":{"self":[{"href":"https:\/\/ticketswhales.com\/es\/wp-json\/wp\/v2\/product\/13205","targetHints":{"allow":["GET"]}}],"collection":[{"href":"https:\/\/ticketswhales.com\/es\/wp-json\/wp\/v2\/product"}],"about":[{"href":"https:\/\/ticketswhales.com\/es\/wp-json\/wp\/v2\/types\/product"}],"wp:featuredmedia":[{"embeddable":true,"href":"https:\/\/ticketswhales.com\/es\/wp-json\/wp\/v2\/media\/13230"}],"wp:attachment":[{"href":"https:\/\/ticketswhales.com\/es\/wp-json\/wp\/v2\/media?parent=13205"}],"wp:term":[{"taxonomy":"product_cat","embeddable":true,"href":"https:\/\/ticketswhales.com\/es\/wp-json\/wp\/v2\/product_cat?post=13205"},{"taxonomy":"product_tag","embeddable":true,"href":"https:\/\/ticketswhales.com\/es\/wp-json\/wp\/v2\/product_tag?post=13205"}],"curies":[{"name":"wp","href":"https:\/\/api.w.org\/{rel}","templated":true}]}}