{"id":14291,"date":"2022-11-02T08:35:02","date_gmt":"2022-11-02T08:35:02","guid":{"rendered":"https:\/\/tourwhales.com\/?post_type=product&#038;p=14291"},"modified":"2024-10-17T23:39:11","modified_gmt":"2024-10-17T23:39:11","slug":"punta-cana-los-haitises-national-park-yanigua-waterfalls-montana-redonda","status":"publish","type":"product","link":"https:\/\/ticketswhales.com\/de\/Tours-Excursions\/caves\/punta-cana-los-haitises-national-park-yanigua-waterfalls-montana-redonda\/","title":{"rendered":"Punta Cana: Nationalpark Los Haitises, Yanigua-Wasserf\u00e4lle und Montana Redonda"},"content":{"rendered":"<section class=\"wpb-content-wrapper\"><div class=\"vc_row wpb_row vc_row-fluid\" ><div class=\"wpb_column vc_column_container vc_col-sm-12\"><div class=\"vc_column-inner\"><div class=\"wpb_wrapper\"><div class=\"mkdf-section-title-holder\" style=\"text-align: left\">\n\t<div class=\"mkdf-st-inner\">\n\t\t\t\t\t<h5 class=\"mkdf-st-subtitle\" >\n\t\t\t\tTransport &amp; Mittagessen inklusive\t\t\t<\/h5>\n\t\t\t\t\t\t\t<h3 class=\"mkdf-st-title\" >\n\t\t\t\tPunta Cana: Nationalpark Los Haitises, Yanigua-Wasserf\u00e4lle und Montana Redonda\t\t\t<\/h3>\n\t\t\t\t\t<\/div>\n<\/div><\/div><\/div><\/div><\/div><div class=\"vc_row wpb_row vc_row-fluid\" ><div class=\"wpb_column vc_column_container vc_col-sm-12\"><div class=\"vc_column-inner\"><div class=\"wpb_wrapper\"><div class=\"vc_btn3-container vc_btn3-inline\" ><a class=\"vc_general vc_btn3 vc_btn3-size-md vc_btn3-shape-rounded vc_btn3-style-modern vc_btn3-color-green\" href=\"https:\/\/bookingadventures.tours\/booking.php?tour_id=8081df21d5fc51981b39e270d99ab5ab\" title=\"\">BUCHEN SIE JETZT <\/a><\/div>\n\t<div class=\"wpb_text_column wpb_content_element\" >\n\t\t<div class=\"wpb_wrapper\">\n\t\t\t<h3>Punta Cana: Nationalpark Los Haitises, Yanigua-Wasserf\u00e4lle und Montana Redonda<\/h3>\n<h4><b><i>\u00dcberblick <\/i><\/b><\/h4>\n<p>Los Haitises National Park Tour von Punta Cana Tagesausflug. Ausgehend von Ihrem Hotel in Punta Cana oder Bavaro. Wir fahren mit unserem Reiseleiter nach Montana Redonda. Wo Sie Zeit haben, erstaunliche Fotos von einer der beeindruckendsten Aussichten in der Dominikanischen Republik zu machen. Nach diesem ersten Halt besuchen wir weiterhin den Nationalpark Los Haitises, einige Snacks und typische Getr\u00e4nke, w\u00e4hrend wir Mangroven, H\u00f6hlen und ber\u00fchmte Felseninseln wie im Jurassic Park umrunden. Nach dem Besuch des Nationalparks Los Haitises erwartet uns das Mittagessen in den Wasserf\u00e4llen von Yanigua. Nach einem lokalen und gastronomischen lokalen Mittagessen m\u00fcssen Sie Zeit haben, in den einzigartigen nat\u00fcrlichen Pools zu schwimmen, die aus dem Nationalpark Los Haitises stammen.<\/p>\n<p>Nach dieser Erfahrung kehren Sie zur Punta Cana Community zur\u00fcck, von wo wir Sie abholen.<\/p>\n<ul>\n<li style=\"font-weight: 400;\">Geb\u00fchren inbegriffen<\/li>\n<li>Mittagessen<\/li>\n<li>Snacks<\/li>\n<li style=\"font-weight: 400;\">Lokaler Reiseleiter in Englisch oder Franz\u00f6sisch<\/li>\n<li>Transport<\/li>\n<li>Bootsausflug<\/li>\n<li>Montana Redonda<\/li>\n<li>Yanigua-Wasserfall<\/li>\n<\/ul>\n<p>&nbsp;<\/p>\n<h4><b>Einschl\u00fcsse &amp; Ausschl\u00fcsse<\/b><\/h4>\n<p>&nbsp;<\/p>\n<p><b>Einschl\u00fcsse<\/b><\/p>\n<ol>\n<li style=\"font-weight: 400;\">Los Haitises Tour + H\u00f6hlen und Piktogramme<\/li>\n<li>Montana Redonda<\/li>\n<li>Yanigua-Wasserf\u00e4lle<\/li>\n<li>Mittagessen<\/li>\n<li>Abholung von Hotels in Punta Cana.<\/li>\n<li style=\"font-weight: 400;\"><span style=\"font-weight: 400;\">Alle Steuern, Geb\u00fchren und Bearbeitungsgeb\u00fchren<\/span><\/li>\n<li style=\"font-weight: 400;\"><span style=\"font-weight: 400;\">Lokale Steuern<\/span><\/li>\n<li style=\"font-weight: 400;\"><span style=\"font-weight: 400;\">Getr\u00e4nke<\/span><\/li>\n<li>Snacks<\/li>\n<li style=\"font-weight: 400;\"><span style=\"font-weight: 400;\">Alle Aktivit\u00e4ten<\/span><\/li>\n<li style=\"font-weight: 400;\"><span style=\"font-weight: 400;\">Lokaler F\u00fchrer<\/span><\/li>\n<\/ol>\n<p><b> Ausschl\u00fcsse<\/b><\/p>\n<ol>\n<li style=\"font-weight: 400;\"><span style=\"font-weight: 400;\">Trinkgelder<\/span><\/li>\n<li style=\"font-weight: 400;\"><span style=\"font-weight: 400;\">Alkoholische Getr\u00e4nke<\/span><\/li>\n<\/ol>\n<p>&nbsp;<\/p>\n<h4><em><strong>Abreise &amp; R\u00fcckkehr<\/strong><\/em><\/h4>\n<p><span style=\"font-weight: 400;\">Der Reisende erh\u00e4lt nach dem Reservierungsprozess einen Treffpunkt. Touren beginnen und enden an Ihren Treffpunkten.<\/span><\/p>\n<h4><\/h4>\n<h3>Punta Cana: Nationalpark Los Haitises, Yanigua-Wasserf\u00e4lle und Montana Redonda<\/h3>\n<h4><b><i>Was zu erwarten ist?<\/i><\/b><\/h4>\n<p><em><strong>Holen Sie sich Ihre Tickets<\/strong><\/em> f\u00fcr den Besuch der Los Haitises National Park Tour von Punta Cana aus.<\/p>\n<p>Die\u00a0<strong>tropische Natur der Dominikanischen Republik<\/strong>\u00a0ist einer der wichtigsten\u00a0<strong>Sehensw\u00fcrdigkeiten<\/strong>\u00a0in dem Land. Heute m\u00f6chten wir Ihnen einen vorschlagen\u00a0<strong>einmaliger Ausflug<\/strong>\u00a0die Sie von Punta Cana aus unternehmen k\u00f6nnen, und dazu geh\u00f6rt auch der Besuch von drei Orten, deren Landschaften Sie sprachlos machen werden.<\/p>\n<p>Der erste von ihnen ist\u00a0<em>Runder Berg<\/em>, ein Ort, der in den letzten Jahren f\u00fcr seine ber\u00fchmt geworden ist\u00a0<strong>Panoramablick<\/strong>\u00a0\u00fcber die Karibik, wo\u00a0<strong>Schnappsch\u00fcsse auf einer Schaukel<\/strong>\u00a0die zum Horizont blicken, haben es zu einem der gemacht\u00a0<strong>meistfotografierte Orte in der Dominikanischen Republik<\/strong>.<\/p>\n<p><strong>Nationalpark Los Haitises<\/strong>\u00a0ist unser n\u00e4chstes Ziel auf der Karte, ein Gebiet, wo\u00a0<strong>das Meer, Mangroven, Dschungel<\/strong>\u00a0und selbst\u00a0<strong>arch\u00e4ologische \u00dcberreste<\/strong>\u00a0in H\u00f6hlen versteckt, enth\u00fcllen alle\u00a0<strong>nat\u00fcrlichen Charme, den das Land bietet<\/strong>. Seine kleinen H\u00fcgel voller Vegetation sind auch der perfekte Ort f\u00fcr die Vogelbeobachtung, die Sie nur hier finden.<\/p>\n<p>Im Park gibt es noch einen\u00a0<strong>magischer Ort: Yanigua Ranch Waterfalls<\/strong>. Dieser spektakul\u00e4re Wasserfall ist der\u00a0<strong>perfekter Ort zum Abschalten<\/strong>\u00a0von den Touristenmassen von Punta Cana, umgeben von einer dichten Vegetation, die uns denken l\u00e4sst, dass wir mehr als 100 Kilometer von der n\u00e4chsten Stadt entfernt sind, obwohl es wirklich nicht so ist.<\/p>\n<div class=\"body-description secondary\">\n<p>Nach dem Mittagessen kehren wir nach Punta Cana zur\u00fcck!!<\/p>\n<h2 id=\"headline-62-1277\" class=\"ct-headline\">Reiseverlauf<\/h2>\n<div id=\"_rich_text-77-1277\" class=\"oxy-rich-text\">\n<p>Die Reiseroute dieses Ausflugs ist wie folgt:<\/p>\n<ul>\n<li><strong>06:50 Uhr<\/strong>\u00a0\u2013 Abholung in Ihrem Hotel.<\/li>\n<li><strong>08:30 Uhr<\/strong>\u00a0\u2013 Ankunft am Rundberg, einer einzigartigen Landschaft im ganzen Land.<\/li>\n<li><strong>10:30 Uhr<\/strong>\u00a0\u2013 Abfahrt von Sabana de la Mar mit dem Schnellboot zum Nationalpark Haitises. Unterwegs werden wir sehen\u00a0<strong>exotische V\u00f6gel<\/strong>, und wir werden bei der ankommen\u00a0<strong>H\u00f6hlen<\/strong>\u00a0wo man sehen kann\u00a0<strong>einheimische Gem\u00e4lde<\/strong>.<\/li>\n<li><strong>12:30<\/strong>\u00a0<strong>pm\u00a0<\/strong>\u2013 Gehen Sie tief in den Dschungel, bis wir die Wasserf\u00e4lle der Yanigua Ranch erreichen, ein perfekter Ort, um zu Mittag zu essen und ein Bad zu nehmen. Sie k\u00f6nnen auch ein therapeutisches Schlammbad nehmen.<\/li>\n<li><strong>02:00<\/strong>\u00a0<strong>pm<\/strong>\u00a0\u2013 Sie k\u00f6nnen schmecken\u00a0<strong>Kaffee und Kakao<\/strong>\u00a0von lokalen Farmen und Ranches.<\/li>\n<li><strong>03:00<\/strong>\u00a0<strong>pm<\/strong>- Besuche den\u00a0<strong>blaue Bernsteinmine<\/strong>.<\/li>\n<li><strong>16:30 Uhr<\/strong>\u00a0\u2013 Stoppen Sie an einem fotografischen Aussichtspunkt, wo Sie die Pracht des Haitises-Nationalparks sehen k\u00f6nnen.<\/li>\n<li><strong>17:00 Uhr<\/strong>\u00a0\u2013 Schlie\u00dflich f\u00fchrt uns ein F\u00fchrer zu einer der merkw\u00fcrdigsten Konstruktionen des Ortes,\u00a0<em>das Haus von Tarzan<\/em>, die sich in einem \u00fcber 100 Fu\u00df hohen Baum befindet.<\/li>\n<li><strong>18:00 Uhr<\/strong>\u00a0\u2013 R\u00fcckkehr zu den Hotels mit unserem Transport.<\/li>\n<\/ul>\n<p><em>* Die oben angegebenen Zeiten sind ungef\u00e4hre Angaben<\/em><\/p>\n<\/div>\n<\/div>\n<p>Falls Sie diese Reise l\u00e4nger oder k\u00fcrzer m\u00f6gen, kontaktieren Sie uns einfach.<\/p>\n<p>&nbsp;<\/p>\n<h4><em><strong>Was sollten Sie mitbringen?<\/strong><\/em><\/h4>\n<ul>\n<li style=\"font-weight: 400;\"><span style=\"font-weight: 400;\">Kamera<\/span><\/li>\n<li style=\"font-weight: 400;\"><span style=\"font-weight: 400;\">Absto\u00dfende Knospen<\/span><\/li>\n<li style=\"font-weight: 400;\"><span style=\"font-weight: 400;\">Sonnencreme<\/span><\/li>\n<li style=\"font-weight: 400;\"><span style=\"font-weight: 400;\">Hut<\/span><\/li>\n<li style=\"font-weight: 400;\"><span style=\"font-weight: 400;\">Bequeme Hose<\/span><\/li>\n<li style=\"font-weight: 400;\"><span style=\"font-weight: 400;\">Wanderschuhe f\u00fcr den Wald<\/span><\/li>\n<li style=\"font-weight: 400;\"><span style=\"font-weight: 400;\">Sandalen zu den Fr\u00fchlingsgebieten.<\/span><\/li>\n<li style=\"font-weight: 400;\"><span style=\"font-weight: 400;\">Schwimmkleidung<\/span><\/li>\n<\/ul>\n<p>&nbsp;<\/p>\n<h4><b><i>Hotelabholung <\/i><\/b><\/h4>\n<p><span style=\"font-weight: 400;\">F\u00fcr diese Tour wird eine Hotelabholung angeboten. W\u00e4hlen Sie hier den Hotelnamen und die Uhrzeit aus. Falls Ihr Hotel nicht auf der Liste steht, kontaktieren Sie uns bitte.<\/span><\/p>\n<p>&nbsp;<\/p>\n<p><b>Notiz:<\/b><span style=\"font-weight: 400;\"> Wenn Sie innerhalb von 24 Stunden vor der Abfahrtszeit der Tour\/des Ausflugs buchen, k\u00f6nnen wir die Abholung vom Hotel arrangieren. Sobald Ihr Kauf abgeschlossen ist, senden wir Ihnen die vollst\u00e4ndigen Kontaktinformationen (Telefonnummer, E-Mail-Adresse usw.) f\u00fcr unseren \u00f6rtlichen Reiseleiter, um die Abholung zu organisieren.<\/span><\/p>\n<h4><b><i>Zus\u00e4tzliche Info-Best\u00e4tigung <\/i><\/b><\/h4>\n<ol>\n<li>Tickets sind die Quittung nach Bezahlung dieser Tour. Sie k\u00f6nnen die Zahlung auf Ihrem Telefon anzeigen.<\/li>\n<li style=\"font-weight: 400;\"><span style=\"font-weight: 400;\">Treffpunkt Wird nach dem Reservierungsprozess bekannt gegeben.<\/span><\/li>\n<li style=\"font-weight: 400;\"><span style=\"font-weight: 400;\">Kinder m\u00fcssen von einem Erwachsenen begleitet werden.<\/span><\/li>\n<li style=\"font-weight: 400;\"><span style=\"font-weight: 400;\"> Nicht rollstuhlgerecht <\/span><\/li>\n<li style=\"font-weight: 400;\"><span style=\"font-weight: 400;\">Kleinkinder m\u00fcssen auf dem Scho\u00df sitzen <\/span><\/li>\n<li style=\"font-weight: 400;\"><span style=\"font-weight: 400;\">F\u00fcr Reisende mit R\u00fcckenproblemen nicht zu empfehlen<\/span><\/li>\n<li style=\"font-weight: 400;\"><span style=\"font-weight: 400;\">Nicht f\u00fcr schwangere Reisende empfohlen <\/span><\/li>\n<li style=\"font-weight: 400;\"><span style=\"font-weight: 400;\"> Keine Herzprobleme oder andere ernsthafte Erkrankungen <\/span><\/li>\n<li style=\"font-weight: 400;\"><span style=\"font-weight: 400;\">Die meisten Reisenden k\u00f6nnen teilnehmen<\/span><\/li>\n<\/ol>\n<h4><b><i>Stornierungsbedingungen<\/i><\/b><\/h4>\n<p>F\u00fcr eine vollst\u00e4ndige R\u00fcckerstattung lesen Sie bitte unsere Stornierungsbedingungen\u00a0<a href=\"https:\/\/tourwhales.com\/online-booking\/\" target=\"_blank\" rel=\"noopener\" data-saferedirecturl=\"https:\/\/www.google.com\/url?q=https:\/\/tourwhales.com\/online-booking\/&amp;source=gmail&amp;ust=1672308980019000&amp;usg=AOvVaw26v5FL8g3-3hyHN76KOvdD\">Klicke hier<\/a>. Das Geld geht verloren, wenn die Reservierung am selben Tag der Reise storniert wird.<\/p>\n\n\t\t<\/div>\n\t<\/div>\n<div class=\"vc_btn3-container vc_btn3-inline\" ><a class=\"vc_general vc_btn3 vc_btn3-size-md vc_btn3-shape-rounded vc_btn3-style-modern vc_btn3-color-green\" href=\"https:\/\/bookingadventures.tours\/booking.php?tour_id=8081df21d5fc51981b39e270d99ab5ab\" title=\"\">BUCHEN SIE JETZT <\/a><\/div><\/div><\/div><\/div><\/div><div class=\"vc_row wpb_row vc_row-fluid\" ><div class=\"wpb_column vc_column_container vc_col-sm-12\"><div class=\"vc_column-inner\"><div class=\"wpb_wrapper\"><div class=\"vc_empty_space\"   style=\"height: 32px\"><span class=\"vc_empty_space_inner\"><\/span><\/div>\n\t<div class=\"wpb_video_widget wpb_content_element vc_clearfix   vc_video-aspect-ratio-169 vc_video-el-width-100 vc_video-align-left\" >\n\t\t<div class=\"wpb_wrapper\">\n\t\t\t<h2 class=\"wpb_heading wpb_video_heading\">Video zum Nationalpark Los Haitises:<\/h2>\n\t\t\t<div class=\"wpb_video_wrapper\"><iframe loading=\"lazy\" title=\"Nationalpark Los Haitises, Touren und Ausfl\u00fcge ab Samana oder Sabana de la Mar. Buchen Sie hier:\" src=\"https:\/\/player.vimeo.com\/video\/346508015?dnt=1&amp;app_id=122963\" width=\"1100\" height=\"619\" frameborder=\"0\" allow=\"autoplay; fullscreen\" allowfullscreen><\/iframe><\/div>\n\t\t<\/div>\n\t<\/div>\n<div class=\"vc_empty_space\"   style=\"height: 32px\"><span class=\"vc_empty_space_inner\"><\/span><\/div><\/div><\/div><\/div><\/div><div class=\"vc_row wpb_row vc_row-fluid\" ><div class=\"wpb_column vc_column_container vc_col-sm-12\"><div class=\"vc_column-inner\"><div class=\"wpb_wrapper\"><div class=\"vc_empty_space\"   style=\"height: 32px\"><span class=\"vc_empty_space_inner\"><\/span><\/div>\n\t<div class=\"wpb_text_column wpb_content_element\" >\n\t\t<div class=\"wpb_wrapper\">\n\t\t\t<h4>Kontaktiere uns?<\/h4>\n<h5><em><strong>Abenteuer buchen<\/strong><\/em><\/h5>\n<p><em><strong>Einheimische<\/strong>\u00a0und\u00a0<strong>Staatsangeh\u00f6rige<\/strong>\u00a0Reiseleiter &amp; G\u00e4steservice<\/em><\/p>\n<p><span class=\"text-turquoise\">Reservierungen:<\/span>\u00a0F\u00fchrungen &amp; Ausfl\u00fcge im Dom. Rep.<\/p>\n<p><img decoding=\"async\" class=\"emoji\" draggable=\"false\" src=\"https:\/\/s.w.org\/images\/core\/emoji\/11.2.0\/svg\/1f4de.svg\" alt=\"\ud83d\udcde\" \/>\u00a0Tel.\/Whatsapp\u00a0\u00a0<a href=\"tel:+18494995063\">+18494995063<\/a>.<\/p>\n<p><img decoding=\"async\" class=\"emoji\" draggable=\"false\" src=\"https:\/\/s.w.org\/images\/core\/emoji\/11.2.0\/svg\/1f4e9.svg\" alt=\"\ud83d\udce9\" \/>\u00a0<a href=\"mailto:info@bookingadventures.com.do\">info@bookingadventures.com.do<\/a><\/p>\n<p><strong>Wir sind flexibel und bieten private Touren per WhatsApp an:\u00a0<a href=\"tel:+18097206035\">+18097206035.<\/a><\/strong><\/p>\n\n\t\t<\/div>\n\t<\/div>\n<div class=\"vc_empty_space\"   style=\"height: 32px\"><span class=\"vc_empty_space_inner\"><\/span><\/div><\/div><\/div><\/div><\/div>\n<\/section>","protected":false},"excerpt":{"rendered":"<p>Ausflug von Punta Cana: Nationalpark Los Haitises, Yanigua-Wasserf\u00e4lle und Montana Redonda. Beinhaltet Mittagessen und Transport f\u00fcr einen Besuch der 3 Haupth\u00f6hlen, eine Erkundung von 2 verschiedenen Mangroven-\u00d6kosystemen, Aussichten und Schwimmbecken.<\/p>\n<p>Ganztagesausflug zum Nationalpark Los Haitises mit einem lokalen Reiseleiter. Besuch der Cays im Nationalpark Los Haitises, Mangroven, Vegetation, Vogelbeobachtung, H\u00f6hlen, Piktogramme und der historischen Gebiete von Sabana de la Mar im Nationalpark Los Haitises. Erstaunliche Ausblicke in Montana Redonda und Mittagessen sowie Schwimmb\u00e4der in den Yanigua-Wasserf\u00e4llen.<\/p>\n<p>&nbsp;<\/p>\n<p><strong>Bitte w\u00e4hlen Sie das Datum f\u00fcr die Tour aus:\u00a0<\/strong><\/p>","protected":false},"featured_media":14278,"template":"","meta":[],"product_cat":[948,946,928,168,1050,1049],"product_tag":[268,296,267,171,209,440,441,299,1052,212,297,222,298,269,1053,1051],"class_list":["post-14291","product","type-product","status-publish","has-post-thumbnail","hentry","product_cat-1-punta-cana","product_cat-1-sabana-de-la-mar","product_cat-boat-trip-los-haitises","product_cat-caves","product_cat-waterfalls-los-haitises","product_cat-yanigua-waterfalls-montana-redonda","product_tag-caves-los-haitises","product_tag-day-trip-punta-cana","product_tag-las-terrenas","product_tag-los-haitises","product_tag-los-haitises-national-park","product_tag-los-haitises-national-park-map","product_tag-los-haitises-national-park-tour-from-las-terrenas","product_tag-los-haitises-national-park-tours-excursions","product_tag-los-haitises-waterfall","product_tag-mangroves-los-haitises","product_tag-montana-redonda-tours-excursion","product_tag-punta-cana","product_tag-punta-cana-tours-excursions","product_tag-transportation-los-haitises","product_tag-waterfalls-dominican-republic","product_tag-yanigua-waterfalls"],"_links":{"self":[{"href":"https:\/\/ticketswhales.com\/de\/wp-json\/wp\/v2\/product\/14291","targetHints":{"allow":["GET"]}}],"collection":[{"href":"https:\/\/ticketswhales.com\/de\/wp-json\/wp\/v2\/product"}],"about":[{"href":"https:\/\/ticketswhales.com\/de\/wp-json\/wp\/v2\/types\/product"}],"wp:featuredmedia":[{"embeddable":true,"href":"https:\/\/ticketswhales.com\/de\/wp-json\/wp\/v2\/media\/14278"}],"wp:attachment":[{"href":"https:\/\/ticketswhales.com\/de\/wp-json\/wp\/v2\/media?parent=14291"}],"wp:term":[{"taxonomy":"product_cat","embeddable":true,"href":"https:\/\/ticketswhales.com\/de\/wp-json\/wp\/v2\/product_cat?post=14291"},{"taxonomy":"product_tag","embeddable":true,"href":"https:\/\/ticketswhales.com\/de\/wp-json\/wp\/v2\/product_tag?post=14291"}],"curies":[{"name":"wp","href":"https:\/\/api.w.org\/{rel}","templated":true}]}}