{"id":11676,"date":"2020-11-12T13:34:41","date_gmt":"2020-11-12T13:34:41","guid":{"rendered":"https:\/\/tourwhales.com\/?post_type=product&#038;p=11676"},"modified":"2024-10-17T23:39:19","modified_gmt":"2024-10-17T23:39:19","slug":"snorkel-cayo-levantado-and-farola-island-snorkeling","status":"publish","type":"product","link":"https:\/\/ticketswhales.com\/de\/Tours-Excursions\/tours-excursions-samana-bay-dominican-republic\/snorkel-cayo-levantado-and-farola-island-snorkeling\/","title":{"rendered":"Schnorchel Cayo Levantado und Insel Farola Schnorcheln"},"content":{"rendered":"<section class=\"wpb-content-wrapper\"><div class=\"vc_row wpb_row vc_row-fluid\" ><div class=\"wpb_column vc_column_container vc_col-sm-12\"><div class=\"vc_column-inner\"><div class=\"wpb_wrapper\"><div class=\"vc_empty_space\"   style=\"height: 32px\"><span class=\"vc_empty_space_inner\"><\/span><\/div><div class=\"mkdf-section-title-holder\" style=\"text-align: left\">\n\t<div class=\"mkdf-st-inner\">\n\t\t\t\t\t<h5 class=\"mkdf-st-subtitle\" >\n\t\t\t\tPrivate Tour vom Hafen von Saman\u00e1\t\t\t<\/h5>\n\t\t\t\t\t\t\t<h3 class=\"mkdf-st-title\" >\n\t\t\t\tSchnorchel Cayo Levantado und Insel Farola Schnorcheln\t\t\t<\/h3>\n\t\t\t\t\t<\/div>\n<\/div><div class=\"vc_empty_space\"   style=\"height: 32px\"><span class=\"vc_empty_space_inner\"><\/span><\/div><\/div><\/div><\/div><\/div><div class=\"vc_row wpb_row vc_row-fluid\" ><div class=\"wpb_column vc_column_container vc_col-sm-12\"><div class=\"vc_column-inner\"><div class=\"wpb_wrapper\"><div class=\"vc_btn3-container vc_btn3-inline\" ><button class=\"vc_general vc_btn3 vc_btn3-size-md vc_btn3-shape-rounded vc_btn3-style-modern vc_btn3-color-green\">BUCHEN SIE JETZT<\/button><\/div>\n\t<div class=\"wpb_text_column wpb_content_element\" >\n\t\t<div class=\"wpb_wrapper\">\n\t\t\t<div class=\"vc_row wpb_row vc_row-fluid\">\n<div class=\"wpb_column vc_column_container vc_col-sm-12\">\n<div class=\"vc_column-inner\">\n<div class=\"wpb_wrapper\">\n<div class=\"wpb_text_column wpb_content_element\">\n<div class=\"wpb_wrapper\">\n<div class=\"vc_row wpb_row vc_row-fluid\">\n<div class=\"wpb_column vc_column_container vc_col-sm-12\">\n<div class=\"vc_column-inner\">\n<div class=\"wpb_wrapper\">\n<div class=\"wpb_text_column wpb_content_element\">\n<div class=\"wpb_wrapper\">\n<h4><b><i>\u00dcberblick<\/i><\/b><\/h4>\n<p>Wir werden die Insel Cayo Levantado und Farola bereisen, besondere kleine Inseln in der Bucht von Samana, die ein au\u00dfergew\u00f6hnliches Meeresleben beherbergen \u2013 darunter Schildkr\u00f6ten, Buckelwale, Hummer und Delfine!<\/p>\n<p><strong>Notiz:<\/strong> Diese Tour ist privat. (Nur Sie und Familie oder Freunde und Reiseleiter).<\/p>\n<p>&nbsp;<\/p>\n<h4><b>Einschl\u00fcsse &amp; Ausschl\u00fcsse<\/b><\/h4>\n<p>&nbsp;<\/p>\n<p><b>Einschl\u00fcsse<\/b><\/p>\n<p>&nbsp;<\/p>\n<ol>\n<li>Reisef\u00fchrer<\/li>\n<li>Bootsausflug<\/li>\n<li>Rettungsweste<\/li>\n<li>Schnorchelset<\/li>\n<li>Alle Steuern, Geb\u00fchren und Bearbeitungsgeb\u00fchren<\/li>\n<li>Lokale Steuern<\/li>\n<li>Getr\u00e4nke (Flasche Wasser pro Person)<\/li>\n<\/ol>\n<p><b>Ausschl\u00fcsse<\/b><\/p>\n<ol>\n<li>Trinkgelder<\/li>\n<li>Mittagessen (Zusatzkosten 15 USD) pro Person.<\/li>\n<li>Mittagessen mit Hummer (Zusatzkosten 25 USD) pro Person.<\/li>\n<li>\u00dcberf\u00fchrungswagen<\/li>\n<li>Alkoholische Getr\u00e4nke<\/li>\n<\/ol>\n<p>&nbsp;<\/p>\n<h4><em><strong>Abreise &amp; R\u00fcckkehr<\/strong><\/em><\/h4>\n<p>Diese Fahrt beginnt um 8:03 Uhr und endet gegen 12:15 Uhr. Da es sich jedoch um eine private Reise handelt, k\u00f6nnen Sie die Start- und Endzeit festlegen.<\/p>\n<p>Der Reisende erh\u00e4lt nach dem Reservierungsprozess einen Treffpunkt. Touren beginnen und enden an unseren Treffpunkten.<\/p>\n<p>&nbsp;<\/p>\n<h4><b><i>Was zu erwarten ist?<\/i><\/b><\/h4>\n<p>Schnorchelausflug mit einem fachkundigen Guide, um die Meerestiere von der Oberfl\u00e4che aus mit Flossen und Maske zu genie\u00dfen; Wir werden die paradiesische Insel Cayo Levantado entdecken, w\u00e4hrend der Fahrt an zwei verschiedenen Orten schnorcheln und diesen faszinierenden Strand genie\u00dfen, der keinen Zugang zu Fahrzeugen hat (Dauer 4 Stunden).<\/p>\n<p>Wir verlassen den Treffpunkt im Haupthafen von Samana um 8:30 Uhr morgens, nach 25 Minuten Navigation erreichen wir den ersten Schnorchelpunkt namens Cayo Farola, schnorcheln 45 Minuten und fahren weiter zum Strand von Cayo Levantado, wo wir schwimmen k\u00f6nnen . , schnorcheln Sie ein bisschen mehr oder genie\u00dfen Sie einfach diesen fantastischen Strand.<\/p>\n<p>Wir werden ein Sandwich, Rum, ein Erfrischungsgetr\u00e4nk und Wasser genie\u00dfen und um 12 Uhr am Tag zur\u00fcck zum Hafen von Samana fahren oder in Cayo Levantado bleiben. Danach kehren wir zum Ausgangspunkt zur\u00fcck. Andere Dinge zu beachten Alle Ausfl\u00fcge werden mit dem Boot gemacht.<\/p>\n<p><strong>Zeitplan:<\/strong><\/p>\n<p>8:30 \u2013 12:15 Uhr<\/p>\n<p>&nbsp;<\/p>\n<h4><em><strong>Was sollten Sie mitbringen?<\/strong><\/em><\/h4>\n<ul>\n<li>Kamera<\/li>\n<li>Handtuch<\/li>\n<li>Sonnenschutz<\/li>\n<li>Hut<\/li>\n<li>Bequeme Hosen und Schuhe<\/li>\n<li>Sandalen zum Strand<\/li>\n<li>Schwimmkleidung<\/li>\n<li>Bargeld f\u00fcr Souvenirs<\/li>\n<\/ul>\n<p>&nbsp;<\/p>\n<h4><b><i>Hotelabholung<\/i><\/b><\/h4>\n<p>Eine Hotelabholung wird f\u00fcr diese Tour nicht angeboten.<\/p>\n<p>&nbsp;<\/p>\n<p><b>Notiz:<\/b>\u00a0Wenn Sie innerhalb von 24 Stunden vor der Abfahrtszeit der Tour\/des Ausflugs buchen, k\u00f6nnen wir die Abholung vom Hotel gegen Aufpreis arrangieren. Sobald Ihr Kauf abgeschlossen ist, senden wir Ihnen die vollst\u00e4ndigen Kontaktinformationen (Telefonnummer, E-Mail-Adresse usw.) f\u00fcr unseren \u00f6rtlichen Reiseleiter, um die Abholung zu organisieren.<\/p>\n<h4><b><i>Zus\u00e4tzliche Info-Best\u00e4tigung<\/i><\/b><\/h4>\n<ol>\n<li>Tickets sind die Quittung nach Bezahlung dieser Tour. Sie k\u00f6nnen die Zahlung auf Ihrem Telefon anzeigen.<\/li>\n<li>Treffpunkt Wird nach dem Reservierungsprozess bekannt gegeben.<\/li>\n<li>Kinder m\u00fcssen von einem Erwachsenen begleitet werden.<\/li>\n<li>barrierefrei<\/li>\n<li>Kleinkinder m\u00fcssen auf dem Scho\u00df sitzen<\/li>\n<li>Die meisten Reisenden k\u00f6nnen teilnehmen<\/li>\n<\/ol>\n<h4><b><i>Stornierungsbedingungen<\/i><\/b><\/h4>\n<p>F\u00fcr eine vollst\u00e4ndige R\u00fcckerstattung lesen Sie bitte unsere Stornierungsbedingungen\u00a0<a href=\"https:\/\/tourwhales.com\/online-booking\/\" target=\"_blank\" rel=\"noopener\" data-saferedirecturl=\"https:\/\/www.google.com\/url?q=https:\/\/tourwhales.com\/online-booking\/&amp;source=gmail&amp;ust=1672449202351000&amp;usg=AOvVaw1yAeVAPktmaVCqDujgUn90\">Klicke hier<\/a>. Das Geld geht verloren, wenn die Reservierung am selben Tag der Reise storniert wird.<\/p>\n<\/div>\n<\/div>\n<\/div>\n<\/div>\n<\/div>\n<\/div>\n<\/div>\n<\/div>\n<\/div>\n<\/div>\n<\/div>\n<\/div>\n<div class=\"vc_row wpb_row vc_row-fluid\">\n<div class=\"wpb_column vc_column_container vc_col-sm-12\">\n<div class=\"vc_column-inner\">\n<div class=\"wpb_wrapper\">\n<div class=\"wpb_text_column wpb_content_element\">\n<div class=\"wpb_wrapper\">\n<h4>Kontaktiere uns?<\/h4>\n<h5><b><i>Abenteuer buchen<\/i><\/b><\/h5>\n<p><em><strong>Einheimische<\/strong>\u00a0und\u00a0<strong>Staatsangeh\u00f6rige<\/strong>\u00a0Reiseleiter &amp; G\u00e4steservice<\/em><\/p>\n<p><span class=\"text-turquoise\">Reservierungen:<\/span>\u00a0F\u00fchrungen &amp; Ausfl\u00fcge im Dom. Rep.<\/p>\n<p><img decoding=\"async\" class=\"emoji\" draggable=\"false\" src=\"https:\/\/s.w.org\/images\/core\/emoji\/11.2.0\/svg\/1f4de.svg\" alt=\"\ud83d\udcde\" \/>\u00a0Tel.\/Whatsapp\u00a0\u00a0<a href=\"tel:+18494995063\">+18494995063<\/a>.<\/p>\n<p><img decoding=\"async\" class=\"emoji\" draggable=\"false\" src=\"https:\/\/s.w.org\/images\/core\/emoji\/11.2.0\/svg\/1f4e9.svg\" alt=\"\ud83d\udce9\" \/>\u00a0<a href=\"mailto:info@bookingadventures.com.do\">info@bookingadventures.com.do<\/a><\/p>\n<p><strong>Wir sind flexibel und bieten private Touren per WhatsApp an:\u00a0<a href=\"tel:+18097206035\">+18097206035.<\/a><\/strong><\/p>\n<\/div>\n<\/div>\n<\/div>\n<\/div>\n<\/div>\n<\/div>\n\n\t\t<\/div>\n\t<\/div>\n<\/div><\/div><\/div><\/div><div class=\"vc_row wpb_row vc_row-fluid\" ><div class=\"wpb_column vc_column_container vc_col-sm-12\"><div class=\"vc_column-inner\"><div class=\"wpb_wrapper\"><div class=\"vc_btn3-container vc_btn3-inline\" ><button class=\"vc_general vc_btn3 vc_btn3-size-md vc_btn3-shape-rounded vc_btn3-style-modern vc_btn3-color-green\">BUCHEN SIE JETZT<\/button><\/div><\/div><\/div><\/div><\/div>\n<\/section>","protected":false},"excerpt":{"rendered":"<p>Wir werden die Inseln Cayo Levantado und Cayo Farola bereisen, es sind besondere kleine Inseln in der Bucht von Samana, die ein au\u00dfergew\u00f6hnliches Meeresleben beherbergen, darunter Schildkr\u00f6ten, Buckelwale, Hummer und Delfine!<\/p>\n<p>Hinweis: Diese Tour ist privat!<\/p>\n<p>W\u00e4hlen Sie das Datum der Tour:<\/p>","protected":false},"featured_media":11683,"template":"","meta":[],"product_cat":[655,255],"product_tag":[184,328,327,187,342,433,276],"class_list":["post-11676","product","type-product","status-publish","has-post-thumbnail","hentry","product_cat-1-samana","product_cat-tours-excursions-samana-bay-dominican-republic","product_tag-bacardi-island","product_tag-cayo-levantado-day-pass","product_tag-private-tours-samana","product_tag-samana-tours","product_tag-samana-whale-watching","product_tag-snorkeling","product_tag-whale-samana"],"_links":{"self":[{"href":"https:\/\/ticketswhales.com\/de\/wp-json\/wp\/v2\/product\/11676","targetHints":{"allow":["GET"]}}],"collection":[{"href":"https:\/\/ticketswhales.com\/de\/wp-json\/wp\/v2\/product"}],"about":[{"href":"https:\/\/ticketswhales.com\/de\/wp-json\/wp\/v2\/types\/product"}],"wp:featuredmedia":[{"embeddable":true,"href":"https:\/\/ticketswhales.com\/de\/wp-json\/wp\/v2\/media\/11683"}],"wp:attachment":[{"href":"https:\/\/ticketswhales.com\/de\/wp-json\/wp\/v2\/media?parent=11676"}],"wp:term":[{"taxonomy":"product_cat","embeddable":true,"href":"https:\/\/ticketswhales.com\/de\/wp-json\/wp\/v2\/product_cat?post=11676"},{"taxonomy":"product_tag","embeddable":true,"href":"https:\/\/ticketswhales.com\/de\/wp-json\/wp\/v2\/product_tag?post=11676"}],"curies":[{"name":"wp","href":"https:\/\/api.w.org\/{rel}","templated":true}]}}