{"id":14264,"date":"2017-08-26T15:47:04","date_gmt":"2017-08-26T15:47:04","guid":{"rendered":"https:\/\/tourwhales.com\/?post_type=product&#038;p=14264"},"modified":"2024-10-18T20:29:21","modified_gmt":"2024-10-18T20:29:21","slug":"los-haitises-all-in-one-from-las-terrenas","status":"publish","type":"product","link":"https:\/\/ticketswhales.com\/cs\/Tours-Excursions\/lunch\/los-haitises-all-in-one-from-las-terrenas\/","title":{"rendered":"Los Haitises v\u0161e v jednom (kajak, p\u011b\u0161\u00ed turistika, plavba lod\u00ed, jesky\u0148\u00e1\u0159stv\u00ed, p\u0159\u00edrodn\u00ed koupali\u0161t\u011b a ob\u011bd) z Las Terrenas"},"content":{"rendered":"<section class=\"wpb-content-wrapper\"><div class=\"vc_row wpb_row vc_row-fluid\" ><div class=\"wpb_column vc_column_container vc_col-sm-12\"><div class=\"vc_column-inner\"><div class=\"wpb_wrapper\">\n\t<div class=\"wpb_text_column wpb_content_element\" >\n\t\t<div class=\"wpb_wrapper\">\n\t\t\t<h2>Los Haitises v\u0161e v jednom (kajak, p\u011b\u0161\u00ed turistika, plavba lod\u00ed, jesky\u0148\u00e1\u0159stv\u00ed, p\u0159\u00edrodn\u00ed koupali\u0161t\u011b a ob\u011bd) z Las Terrenas<\/h2>\n<h4><b><i>P\u0159ehled <\/i><\/b><\/h4>\n<p><span style=\"font-weight: 400;\">Los Haitises All In One je \u00fat\u011bk z m\u011bsta, abyste se pono\u0159ili mezi historick\u00e9 a ryb\u00e1\u0159sk\u00e9 m\u011bsto Sanchez a hlavn\u00ed m\u011bsto Los Haitises Sabana de la Mar. Sanchez je zn\u00e1m\u00fd jako centrum exportu a d\u00edky vlaku, kter\u00fd p\u0159ij\u00ed\u017ed\u011bl z Provincie La vega postaven\u00e1 koncem roku 1800. Poje\u010fte s n\u00e1mi a u\u017eijte si sladk\u00e9 vody jedn\u00e9 z neprozkouman\u00fdch pl\u00e1\u017e\u00ed n\u00e1rodn\u00edho parku Los Haitises, kde se nach\u00e1z\u00ed z\u00e1toka San Lorenzo. <\/span><\/p>\n<p><span style=\"font-weight: 400;\">M\u00edsto je dostupn\u00e9 lod\u00ed, obklopen\u00e9 de\u0161tn\u00fdm pralesem a mangrovov\u00fdmi lesy. P\u0159i plavb\u011b ze Sanchezu do Los Haitises se dostanete do kontaktu s p\u0159\u00edrodou a nezapomenutelnou krajinou tohoto parku. Tato prohl\u00eddka bude kombinac\u00ed j\u00edzdy na kajaku, plavby lod\u00ed, n\u00e1v\u0161t\u011bvy jedn\u00e9 jeskyn\u011b a koup\u00e1n\u00ed v jednom z nejv\u00fdznamn\u011bj\u0161\u00edch n\u00e1rodn\u00edch park\u016f v zemi, zde je v\u011bt\u0161ina biodiverzity ostrova a druh\u00fd nejv\u011bt\u0161\u00ed mangrovov\u00fd les s v\u00edce ne\u017e 98 km2.\u00a0<\/span><\/p>\n<p><span style=\"font-weight: 400;\">N\u00e1\u0161 m\u00edstn\u00ed a odborn\u00fd person\u00e1l se postar\u00e1 o to, abyste skute\u010dn\u011b poznali kulturu Tainos, jejich historii v Los Haitises a jejich spojen\u00ed s p\u0159\u00edrodou. Tato prohl\u00eddka je v re\u017eimu ekoturistiky, kde komunita hraje velmi d\u016fle\u017eitou roli, jsou to pr\u016fvodci, kapit\u00e1ni lod\u00ed a \u0159idi\u010di.<\/span><\/p>\n<p><span style=\"font-weight: 400;\">Prioritou Booking Adventure je zajistit, abyste z\u00edskali to nejlep\u0161\u00ed z nejlep\u0161\u00edho, od okam\u017eiku zakoupen\u00ed letenky a\u017e do dokon\u010den\u00ed cesty. Na\u0161e z\u00e1jezdy jsou zam\u011b\u0159eny na environment\u00e1ln\u00ed vzd\u011bl\u00e1v\u00e1n\u00ed, dobrodru\u017estv\u00ed a m\u00edstn\u00ed historii a b\u011bhem tohoto v\u00fdletu uvid\u00edte od v\u0161eho trochu.\u00a0<\/span><\/p>\n<h3><span style=\"font-weight: 400;\">Zahrnut\u00ed a vylou\u010den\u00ed<\/span><\/h3>\n<h6><strong>Inkluze<\/strong><\/h6>\n<ul>\n<li><span style=\"font-weight: 400;\">Rychl\u00fd \u010dlun a kapit\u00e1n\u00a0<\/span><\/li>\n<li><span style=\"font-weight: 400;\">J\u00edzda na kajaku\u00a0<\/span><\/li>\n<li>Stezka<\/li>\n<li><span style=\"font-weight: 400;\">Sva\u010diny (voda, ovoce, soda)<\/span><\/li>\n<li>M\u00edstn\u00ed ob\u011bd<\/li>\n<li><span style=\"font-weight: 400;\">V\u0161echny dan\u011b, poplatky a manipula\u010dn\u00ed poplatky<\/span><\/li>\n<li><span style=\"font-weight: 400;\">\u00da\u0159edn\u00edci Ekologov\u00e9 pr\u016fvodce anglicky\/\u0161pan\u011blsky<\/span><\/li>\n<li><span style=\"font-weight: 400;\">Koup\u00e1n\u00ed v p\u0159\u00edrodn\u00edch baz\u00e9nech nebo neprozkouman\u00e9 pl\u00e1\u017ei\u00a0<\/span><\/li>\n<li><span style=\"font-weight: 400;\">Jesky\u0148\u00e1\u0159stv\u00ed<\/span><\/li>\n<li>Vyzvednut\u00ed z hotelu<\/li>\n<\/ul>\n<h6><strong>V\u00fdluky<\/strong><\/h6>\n<ul>\n<li><span style=\"font-weight: 400;\">Spropitn\u00e9<\/span><\/li>\n<li><span style=\"font-weight: 400;\">N\u00e1poj<\/span><\/li>\n<\/ul>\n<h6><strong>Odjezd a n\u00e1vrat<\/strong><\/h6>\n<p><span style=\"font-weight: 400;\">Prohl\u00eddka organizovan\u00e1 \u201eBooking Adventures\u201c za\u010d\u00edn\u00e1 na m\u00edst\u011b setk\u00e1n\u00ed s pr\u016fvodcem nebo zam\u011bstnancem. Cestovatel z\u00edsk\u00e1 m\u00edsto setk\u00e1n\u00ed po procesu rezervace. Prohl\u00eddky za\u010d\u00ednaj\u00ed a kon\u010d\u00ed na na\u0161ich m\u00edstech setk\u00e1n\u00ed.<\/span><\/p>\n<h2>Los Haitises v\u0161e v jednom (kajak, p\u011b\u0161\u00ed turistika, plavba lod\u00ed, jesky\u0148\u00e1\u0159stv\u00ed, p\u0159\u00edrodn\u00ed koupali\u0161t\u011b a ob\u011bd) z Las Terrenas<\/h2>\n<p><span style=\"font-weight: 400;\">Co \u010dekat?<\/span><\/p>\n<p><span style=\"font-weight: 400;\">Z\u00edskejte vstupenku na Eco-Adventure Tour Los Haitises National Park All In One\u00a0<\/span><\/p>\n<p><span style=\"font-weight: 400;\">Tato exkurze za\u010d\u00edn\u00e1 na m\u00edst\u011b setk\u00e1n\u00ed, kter\u00e9 mus\u00edte potvrdit na\u0161im cestovn\u00edm kancel\u00e1\u0159\u00edm nebo pr\u016fvodci, ne\u017e se vyd\u00e1te na jak\u00e9koli m\u00edsto. Jakmile se setk\u00e1te se sv\u00fdm pr\u016fvodcem, budete m\u00edt p\u0159ehled o prohl\u00eddce a v\u0161em, co souvis\u00ed s va\u0161\u00edm dnem.<\/span><\/p>\n<p><span style=\"font-weight: 400;\">Kdy\u017e jsou v\u0161ichni p\u0159ipraveni, zam\u00ed\u0159\u00edme na prvn\u00ed m\u00edsto, kter\u00fdm je stezka Los Haitises Trail, kde budete m\u00edt 30minutovou t\u00faru, b\u011bhem n\u00ed\u017e uvid\u00edme r\u016fzn\u00e9 druhy endemick\u00fdch rostlin a pt\u00e1k\u016f.\u00a0<\/span><\/p>\n<p><span style=\"font-weight: 400;\">Po proch\u00e1zce se vr\u00e1t\u00edme na lo\u010f a jedeme do Playita Las Almejas, kde jsou p\u0159\u00edrodn\u00ed koupali\u0161t\u011b, zat\u00edmco proplouv\u00e1me mangrovov\u00fdm lesem a porostem z\u00e1livu San Lorenzo, pod\u011bl\u00edme se s v\u00e1mi o p\u0159\u00edb\u011bhy o Los Haitises, geologii a projdeme si druhy mangrov\u016f s kolem z\u00e1livu San Lorenzo.\u00a0<\/span><\/p>\n<p><span style=\"font-weight: 400;\">Kdy\u017e doraz\u00edme do Las Almejas, m\u011bli byste si p\u0159ipravit plavky, abyste mohli j\u00edt na kajak a p\u00e1dlovat do Cave of the line s va\u0161\u00edm pr\u016fvodcem, zbytek person\u00e1lu na v\u00e1s po\u010dk\u00e1, dokud nedokon\u010d\u00edte prvn\u00ed \u010d\u00e1st aktivity.<\/span><\/p>\n<p><span style=\"font-weight: 400;\">B\u011bhem t\u00e9to \u010d\u00e1sti sv\u00e9 cesty budete moci proj\u00edt kolem star\u00e9ho p\u0159\u00edstavu Las Perlas, kter\u00fd je jednou z prvn\u00edch staveb postaven\u00fdch Evropany v t\u00e9to oblasti, asi v roce 1866, a byl spojen s vlakovou trat\u00ed, kter\u00e1 slou\u017eila k p\u0159eprav\u011b. k\u00e1va, ban\u00e1ny a v\u0161e, co tato skupina Evropan\u016f p\u011bstovala na \u00fazem\u00ed dne\u0161n\u00edho Los Haitises.\u00a0<\/span><\/p>\n<p><span style=\"font-weight: 400;\">V jeskyni, kterou nav\u0161t\u00edv\u00edte, je v\u00edce ne\u017e 1200 piktogram\u016f namalovan\u00fdch Tainos, to byl zp\u016fsob, jak se vyj\u00e1d\u0159it, a dnes n\u00e1m tato um\u011bleck\u00e1 d\u00edla vypr\u00e1v\u011bj\u00ed p\u0159\u00edb\u011bhy, o kter\u00fdch jsme si ani nemysleli, \u017ee je dnes najdeme. A\u017e tady skon\u010d\u00edte, vr\u00e1t\u00edme se zp\u011bt do Playa de las Almejas na ob\u010derstven\u00ed a koup\u00e1n\u00ed.\u00a0<\/span><\/p>\n<p><span style=\"font-weight: 400;\">Na zp\u00e1te\u010dn\u00ed cest\u011b z t\u00e9to oblasti v\u00e1m uk\u00e1\u017eeme n\u011bkolik druh\u016f mangrov\u016f a pov\u00edme si o v\u00fdznamu mangrovov\u00e9ho lesa pro ekologii jako ekosyst\u00e9mu.<\/span><\/p>\n<p><span style=\"font-weight: 400;\">Kdy\u017e skon\u010d\u00edme s j\u00edzdou na kajaku a plav\u00e1n\u00edm, d\u00e1me si pauzu na m\u00edstn\u00ed ob\u011bd, p\u0159ijmeme m\u00edstn\u00ed kuchyni a ochutn\u00e1me nejlep\u0161\u00ed b\u00edlou r\u00fd\u017ei a \u010derven\u00e9 fazole na Karibsk\u00e9m ostrov\u011b.\u00a0<\/span><\/p>\n<p><span style=\"font-weight: 400;\">Po ob\u011bd\u011b a koup\u00e1n\u00ed v n\u00e1rodn\u00edm parku Los Haitises se vyd\u00e1me zp\u011bt do Sanchez, na zp\u00e1te\u010dn\u00ed cest\u011b si u\u017eijeme 30 minut j\u00edzdy na poloostrov Samana, tento v\u00fdlet kon\u010d\u00ed na stejn\u00e9m m\u00edst\u011b, kde za\u010dal.<\/span><\/p>\n<p><span style=\"font-weight: 400;\">Pozn\u00e1mka: Tyto prohl\u00eddky jsou s turistick\u00fdmi pr\u016fvodci Officials Ecologist. Rezervujte si pros\u00edm v\u010das, proto\u017ee v parku nen\u00ed p\u0159\u00edli\u0161 mnoho odborn\u00edk\u016f.<\/span><\/p>\n<h6><strong>Co byste si m\u011bli p\u0159in\u00e9st?<\/strong><\/h6>\n<ul>\n<li style=\"font-weight: 400;\" aria-level=\"1\"><span style=\"font-weight: 400;\">Fotoapar\u00e1t<\/span><\/li>\n<li style=\"font-weight: 400;\" aria-level=\"1\"><span style=\"font-weight: 400;\">Sprej proti hmyzu\u00a0<\/span><\/li>\n<li style=\"font-weight: 400;\" aria-level=\"1\"><span style=\"font-weight: 400;\">Opalovac\u00ed kr\u00e9m<\/span><\/li>\n<li style=\"font-weight: 400;\" aria-level=\"1\"><span style=\"font-weight: 400;\">Pohodln\u00e9 kalhoty<\/span><\/li>\n<li style=\"font-weight: 400;\" aria-level=\"1\"><span style=\"font-weight: 400;\">Turistick\u00e9 boty<\/span><\/li>\n<li style=\"font-weight: 400;\" aria-level=\"1\"><span style=\"font-weight: 400;\">Bunda do de\u0161t\u011b\u00a0<\/span><\/li>\n<li style=\"font-weight: 400;\" aria-level=\"1\"><span style=\"font-weight: 400;\">plavky\u00a0<\/span><\/li>\n<li style=\"font-weight: 400;\" aria-level=\"1\"><span style=\"font-weight: 400;\">Ru\u010dn\u00edk<\/span><\/li>\n<li style=\"font-weight: 400;\" aria-level=\"1\"><span style=\"font-weight: 400;\">Such\u00fd vak\u00a0\u00a0<\/span><\/li>\n<\/ul>\n<h4><b><i>Hotel vyzvednut\u00ed <\/i><\/b><\/h4>\n<p><span style=\"font-weight: 400;\">Pro tento z\u00e1jezd je nab\u00edzeno vyzvednut\u00ed v hotelu. Pr\u00e1v\u011b jste v Santa Barbara de Samana, Las Terrenas, Las Galeras a Sanchez\u00a0<\/span><\/p>\n<p><b>Pozn\u00e1mka:<\/b><span style=\"font-weight: 400;\"> Pokud provedete rezervaci do 24 hodin od \u010dasu odjezdu z\u00e1jezdu\/exkurze, m\u016f\u017eeme za\u0159\u00eddit vyzvednut\u00ed v hotelu za p\u0159\u00edplatek z kter\u00e9hokoli m\u00edsta Dominik\u00e1nsk\u00e9 republiky. Jakmile bude v\u00e1\u0161 n\u00e1kup dokon\u010den, za\u0161leme v\u00e1m kompletn\u00ed kontaktn\u00ed informace (telefonn\u00ed \u010d\u00edslo, e-mailovou adresu atd.) pro na\u0161eho m\u00edstn\u00edho pr\u016fvodce, abychom mohli zajistit vyzvednut\u00ed.<\/span><\/p>\n<h4><b><i>Potvrzen\u00ed dal\u0161\u00edch informac\u00ed <\/i><\/b><\/h4>\n<ol>\n<li>Vstupenky jsou \u00fa\u010dtenkou po zaplacen\u00ed tohoto z\u00e1jezdu. Platbu m\u016f\u017eete zobrazit na telefonu.<\/li>\n<li style=\"font-weight: 400;\"><span style=\"font-weight: 400;\">M\u00edsto setk\u00e1n\u00ed bude obdr\u017eeno po procesu rezervace.<\/span><\/li>\n<li style=\"font-weight: 400;\"><span style=\"font-weight: 400;\">D\u011bti mus\u00ed b\u00fdt v doprovodu dosp\u011bl\u00e9 osoby.<\/span><\/li>\n<li style=\"font-weight: 400;\"><span style=\"font-weight: 400;\"> Bezbari\u00e9rov\u00fd p\u0159\u00edstup <\/span><\/li>\n<li style=\"font-weight: 400;\"><span style=\"font-weight: 400;\">D\u011bti mus\u00ed sed\u011bt na kl\u00edn\u011b <\/span><\/li>\n<li style=\"font-weight: 400;\"><span style=\"font-weight: 400;\">Nedoporu\u010duje se pro cestovatele s probl\u00e9my se z\u00e1dy<\/span><\/li>\n<li style=\"font-weight: 400;\"><span style=\"font-weight: 400;\">Nedoporu\u010duje se t\u011bhotn\u00fdm cestovatel\u016fm <\/span><\/li>\n<li style=\"font-weight: 400;\"><span style=\"font-weight: 400;\"> \u017d\u00e1dn\u00e9 probl\u00e9my se srdcem ani jin\u00e9 z\u00e1va\u017en\u00e9 zdravotn\u00ed stavy <\/span><\/li>\n<li style=\"font-weight: 400;\"><span style=\"font-weight: 400;\">Z\u00fa\u010dastnit se m\u016f\u017ee v\u011bt\u0161ina cestovatel\u016f<\/span><\/li>\n<\/ol>\n<h4><b><i>Storno podm\u00ednky<\/i><\/b><\/h4>\n<p><span style=\"font-weight: 400;\">Chcete-li z\u00edskat plnou n\u00e1hradu, p\u0159e\u010dt\u011bte si na\u0161e storno podm\u00ednky\u00a0<a href=\"https:\/\/tourwhales.com\/online-booking\/\" target=\"_blank\" rel=\"noopener\" data-saferedirecturl=\"https:\/\/www.google.com\/url?q=https:\/\/tourwhales.com\/online-booking\/&amp;source=gmail&amp;ust=1672449202351000&amp;usg=AOvVaw1yAeVAPktmaVCqDujgUn90\">Klikn\u011bte zde<\/a>. Prost\u0159edky budou ztraceny, pokud bude rezervace zru\u0161ena ve stejn\u00fd den cesty.<\/span><\/p>\n\n\t\t<\/div>\n\t<\/div>\n<div class=\"mkdf-section-title-holder\" style=\"text-align: left\">\n\t<div class=\"mkdf-st-inner\">\n\t\t\t\t\t<h5 class=\"mkdf-st-subtitle\" >\n\t\t\t\t( V\u0161e v jednom )\t\t\t<\/h5>\n\t\t\t\t\t\t\t<h3 class=\"mkdf-st-title\" >\n\t\t\t\tHaitises All In One (j\u00edzda na kajaku, p\u011b\u0161\u00ed turistika, plavba lod\u00ed, jesky\u0148\u00e1\u0159stv\u00ed, p\u0159\u00edrodn\u00ed koupali\u0161t\u011b a ob\u011bd) z Las Terrenas\t\t\t<\/h3>\n\t\t\t\t\t\t\t<p class=\"mkdf-st-text\" >\n\t\t\t\tTato zku\u0161enost vy\u017eaduje minim\u00e1ln\u011b 4 \u00fa\u010dastn\u00edky. Pokud v\u00e1m nejsou 4, nev\u00e1hejte n\u00e1s kontaktovat!\t\t\t<\/p>\n\t\t\t<\/div>\n<\/div><\/div><\/div><\/div><\/div><div class=\"vc_row wpb_row vc_row-fluid\" ><div class=\"wpb_column vc_column_container vc_col-sm-12\"><div class=\"vc_column-inner\"><div class=\"wpb_wrapper\">\n\t<div class=\"wpb_video_widget wpb_content_element vc_clearfix   vc_video-aspect-ratio-169 vc_video-el-width-100 vc_video-align-left\" >\n\t\t<div class=\"wpb_wrapper\">\n\t\t\t<h2 class=\"wpb_heading wpb_video_heading\">Kajak Los Haitises <\/h2>\n\t\t\t<div class=\"wpb_video_wrapper\"><iframe loading=\"lazy\" title=\"J\u00edzda na kajaku a speleologie v n\u00e1rodn\u00edm parku Los Haitises, Dominik\u00e1nsk\u00e1 republika\" width=\"1100\" height=\"619\" src=\"https:\/\/www.youtube.com\/embed\/ucU1uwB57wQ?feature=oembed\" frameborder=\"0\" allow=\"accelerometer; autoplay; clipboard-write; encrypted-media; gyroscope; picture-in-picture; web-share\" allowfullscreen><\/iframe><\/div>\n\t\t<\/div>\n\t<\/div>\n<\/div><\/div><\/div><\/div><div class=\"vc_row wpb_row vc_row-fluid\" ><\/div><div class=\"wpb_column vc_column_container vc_col-sm-12\"><div class=\"vc_column-inner\"><div class=\"wpb_wrapper\"><\/div><\/div><\/div><div class=\"vc_empty_space\"   style=\"height: 32px\"><span class=\"vc_empty_space_inner\"><\/span><\/div><div class=\"vc_empty_space\"   style=\"height: 32px\"><span class=\"vc_empty_space_inner\"><\/span><\/div>\n<\/section>","protected":false},"excerpt":{"rendered":"<p><span style=\"font-weight: 400;\">Unikn\u011bte z m\u011bsta a pono\u0159te se mezi historick\u00e9 a ryb\u00e1\u0159sk\u00e9 m\u011bsto Sanchez a hlavn\u00ed m\u011bsto Los HaitisesSabana de la Mar. Sanchez je zn\u00e1m\u00fd jako centrum exportu a d\u00edky tomu, \u017ee nechal na konci roku 1800 postavit vlak p\u0159ij\u00ed\u017ed\u011bj\u00edc\u00ed z provincie La vega. Poje\u010fte s n\u00e1mi a u\u017eijte si sladk\u00e9 vody jedn\u00e9 z neprozkouman\u00fdch pl\u00e1\u017e\u00ed n\u00e1rodn\u00edho parku Los Haitises, kde se nach\u00e1z\u00ed z\u00e1toka San Lorenzo. M\u00edsto je dostupn\u00e9 lod\u00ed, obklopen\u00e9 de\u0161tn\u00fdm pralesem a mangrovov\u00fdmi lesy. P\u0159i plavb\u011b ze Sanchezu do Los Haitises se dostanete do kontaktu s p\u0159\u00edrodou a nezapomenutelnou krajinou tohoto parku. Tato prohl\u00eddka bude kombinac\u00ed j\u00edzdy na kajaku, plavby lod\u00ed, n\u00e1v\u0161t\u011bvy jedn\u00e9 jeskyn\u011b a koup\u00e1n\u00ed v jednom z nejv\u00fdznamn\u011bj\u0161\u00edch n\u00e1rodn\u00edch park\u016f v zemi, zde je v\u011bt\u0161ina biodiverzity ostrova a druh\u00fd nejv\u011bt\u0161\u00ed mangrovov\u00fd les s v\u00edce ne\u017e 98 km2.\u00a0<\/span><\/p>\n<p>&nbsp;<\/p>\n<p><strong><span style=\"vertical-align: inherit;\"><span style=\"vertical-align: inherit;\">Vyberte si datum pro toto dobrodru\u017estv\u00ed:<\/span><\/span><\/strong><\/p>","protected":false},"featured_media":14267,"template":"","meta":[],"product_cat":[946,878,928,168,456,920,927,934,1046,862,160,773,254,255],"product_tag":[422,268,174,173,577,576,571,570,569,317,316,206,1047,522,209,575,441,574,572,499,175,498,200,187,573],"class_list":["post-14264","product","type-product","status-publish","has-post-thumbnail","hentry","product_cat-1-sabana-de-la-mar","product_cat-altos-de-cano-hondo","product_cat-boat-trip-los-haitises","product_cat-caves","product_cat-day-trips","product_cat-group-tours","product_cat-hiking-los-haitises","product_cat-kayaking-los-haitises","product_cat-las-terrenas","product_cat-los-haitises-national-park","product_cat-lunch","product_cat-private-tours-excursions","product_cat-tours-excursions-los-haitises-national-park","product_cat-tours-excursions-samana-bay-dominican-republic","product_tag-cano-hondo-sabana-de-la-mar","product_tag-caves-los-haitises","product_tag-eco-tours","product_tag-excursion","product_tag-hike-kayak","product_tag-hike-kayak-los-haitises-national-park","product_tag-hiking-los-haitises","product_tag-hiking-sabana-de-la-mar","product_tag-hiking-samana","product_tag-kayak-tour","product_tag-kayaking","product_tag-kayaking-los-haitises","product_tag-las-galeras-excursions","product_tag-las-terrenas-excursions","product_tag-los-haitises-national-park","product_tag-los-haitises-national-park-entrance-fee","product_tag-los-haitises-national-park-tour-from-las-terrenas","product_tag-los-haitises-national-park-tour-from-santo-domingo","product_tag-los-haitises-national-park-weather","product_tag-los-haitises-sabana-de-la-mar","product_tag-sabana-de-la-mar","product_tag-sabana-de-la-mar-tour","product_tag-samana-excursions","product_tag-samana-tours","product_tag-secrets-of-los-haitises"],"_links":{"self":[{"href":"https:\/\/ticketswhales.com\/cs\/wp-json\/wp\/v2\/product\/14264","targetHints":{"allow":["GET"]}}],"collection":[{"href":"https:\/\/ticketswhales.com\/cs\/wp-json\/wp\/v2\/product"}],"about":[{"href":"https:\/\/ticketswhales.com\/cs\/wp-json\/wp\/v2\/types\/product"}],"wp:featuredmedia":[{"embeddable":true,"href":"https:\/\/ticketswhales.com\/cs\/wp-json\/wp\/v2\/media\/14267"}],"wp:attachment":[{"href":"https:\/\/ticketswhales.com\/cs\/wp-json\/wp\/v2\/media?parent=14264"}],"wp:term":[{"taxonomy":"product_cat","embeddable":true,"href":"https:\/\/ticketswhales.com\/cs\/wp-json\/wp\/v2\/product_cat?post=14264"},{"taxonomy":"product_tag","embeddable":true,"href":"https:\/\/ticketswhales.com\/cs\/wp-json\/wp\/v2\/product_tag?post=14264"}],"curies":[{"name":"wp","href":"https:\/\/api.w.org\/{rel}","templated":true}]}}