{"id":12587,"date":"2021-07-06T18:12:42","date_gmt":"2021-07-06T18:12:42","guid":{"rendered":"https:\/\/tourwhales.com\/?post_type=product&#038;p=12587"},"modified":"2024-10-17T23:39:17","modified_gmt":"2024-10-17T23:39:17","slug":"salto-del-limon-el-limon-waterfalls-tour-from-sabana-de-la-mar","status":"publish","type":"product","link":"https:\/\/ticketswhales.com\/cs\/Tours-Excursions\/fees-entrace\/salto-del-limon-el-limon-waterfalls-tour-from-sabana-de-la-mar\/","title":{"rendered":"Salto Del Lim\u00f3n \u2013 prohl\u00eddka vodop\u00e1d\u016f El Lim\u00f3n ze Sabana de La Mar"},"content":{"rendered":"<section class=\"wpb-content-wrapper\"><div class=\"vc_row wpb_row vc_row-fluid\" ><div class=\"wpb_column vc_column_container vc_col-sm-12\"><div class=\"vc_column-inner\"><div class=\"wpb_wrapper\">\n\t<div class=\"wpb_text_column wpb_content_element\" >\n\t\t<div class=\"wpb_wrapper\">\n\t\t\t<h2>Limon \u2013 prohl\u00eddka vodop\u00e1d\u016f El Lim\u00f3n ze Sabana de La Mar, soukrom\u00e1 prohl\u00eddka<\/h2>\n\n\t\t<\/div>\n\t<\/div>\n<div class=\"vc_btn3-container vc_btn3-inline\" ><button class=\"vc_general vc_btn3 vc_btn3-size-md vc_btn3-shape-rounded vc_btn3-style-modern vc_btn3-color-green\">ZAREZERVOVAT HNED<\/button><\/div><\/div><\/div><\/div><\/div><div class=\"vc_row wpb_row vc_row-fluid\" ><div class=\"wpb_column vc_column_container vc_col-sm-12\"><div class=\"vc_column-inner\"><div class=\"wpb_wrapper\">\n\t<div class=\"wpb_text_column wpb_content_element\" >\n\t\t<div class=\"wpb_wrapper\">\n\t\t\t<h4><b><i>P\u0159ehled <\/i><\/b><\/h4>\n<p>Toto je soukrom\u00e1 prohl\u00eddka <strong>Vodop\u00e1dy El Lim\u00f3n<\/strong> s j\u00edzdou na kon\u00edch nebo p\u011b\u0161\u00ed turistikou od Sabana de la mar p\u0159ejezd p\u0159es z\u00e1toku Samana v soukrom\u00e9 lodi a soukrom\u00fd transfer, kter\u00fd na n\u00e1s \u010dek\u00e1 k vodop\u00e1d\u016fm. N\u00e1v\u0161t\u011bva kakaov\u00e9ho a k\u00e1vov\u00e9ho lesa pod Coconuts Palms Canopy. Kdy\u017e doraz\u00edte k vodop\u00e1d\u016fm, m\u016f\u017eete si zaplavat a nastavit \u010das se sv\u00fdm m\u00edstn\u00edm pr\u016fvodcem. Pot\u00e9, co si vychutn\u00e1te typick\u00fd ob\u011bd v komunit\u011b El Lim\u00f3n.<\/p>\n<p>U\u010dte se s m\u00edstn\u00edmi obyvateli a z\u00edskejte bezpe\u010dn\u00fd v\u00fdlet. Z\u00edskejte sv\u00e9 vstupenky v nab\u00eddce je\u0161t\u011b dnes.<\/p>\n<ul>\n<li style=\"font-weight: 400;\"><span style=\"font-weight: 400;\">Zahrnuje ob\u011bd\u00a0<\/span><\/li>\n<li>J\u00edzda na kon\u00edch nebo p\u011b\u0161\u00ed turistika<\/li>\n<li style=\"font-weight: 400;\"><span style=\"font-weight: 400;\">Pr\u016fvodce poskytuje pokyny a dohled<\/span><\/li>\n<li>Poplatky do n\u00e1rodn\u00edho parku<\/li>\n<\/ul>\n<p>&nbsp;<\/p>\n<h4><b>Zahrnut\u00ed a vylou\u010den\u00ed<\/b><\/h4>\n<p>&nbsp;<\/p>\n<p><b>Inkluze<\/b><\/p>\n<ol>\n<li style=\"font-weight: 400;\"><span style=\"font-weight: 400;\">Ob\u011bd formou bufetu v El Lim\u00f3n<\/span><\/li>\n<li style=\"font-weight: 400;\"><span style=\"font-weight: 400;\">P\u011b\u0161\u00ed turistika nebo j\u00edzda na kon\u00edch<\/span><\/li>\n<li style=\"font-weight: 400;\"><span style=\"font-weight: 400;\">V\u0161echny dan\u011b, poplatky a manipula\u010dn\u00ed poplatky<\/span><\/li>\n<li style=\"font-weight: 400;\"><span style=\"font-weight: 400;\">M\u00edstn\u00ed dan\u011b<\/span><\/li>\n<li style=\"font-weight: 400;\"><span style=\"font-weight: 400;\">N\u00e1poje<\/span><\/li>\n<li style=\"font-weight: 400;\"><span style=\"font-weight: 400;\">V\u0161echny aktivity<\/span><\/li>\n<li style=\"font-weight: 400;\"><span style=\"font-weight: 400;\">M\u00edstn\u00ed pr\u016fvodce<\/span><\/li>\n<li>p\u0159evody<\/li>\n<li>V\u00fdlet na lodi<\/li>\n<\/ol>\n<p><b> V\u00fdluky<\/b><\/p>\n<ol>\n<li style=\"font-weight: 400;\"><span style=\"font-weight: 400;\">Spropitn\u00e9<\/span><\/li>\n<li style=\"font-weight: 400;\"><span style=\"font-weight: 400;\">Alkoholick\u00e9 n\u00e1poje<\/span><\/li>\n<\/ol>\n<p>&nbsp;<\/p>\n<h4><em><strong>Odjezd a n\u00e1vrat<\/strong><\/em><\/h4>\n<p><span style=\"font-weight: 400;\">Cestovatel z\u00edsk\u00e1 m\u00edsto setk\u00e1n\u00ed po procesu rezervace. Prohl\u00eddky za\u010d\u00ednaj\u00ed a kon\u010d\u00ed v m\u00edstech setk\u00e1n\u00ed.<\/span><\/p>\n<p>&nbsp;<\/p>\n<h4><b><i>Co \u010dekat?<\/i><\/b><\/h4>\n<p>&nbsp;<\/p>\n<p><em><strong>Z\u00edskejte vstupenky<\/strong><\/em> za n\u00e1v\u0161t\u011bvu vodop\u00e1d\u016f El Lim\u00f3n v Saman\u00e1 plus skv\u011bl\u00fd ob\u011bd v restauraci El Lim\u00f3n za\u010d\u00ednaj\u00edc\u00ed v Sabana de la Mar.<\/p>\n<p><span style=\"font-weight: 400;\">Prohl\u00eddka organizovan\u00e1 \u201eBooking Adventures\u201c za\u010d\u00edn\u00e1 na m\u00edst\u011b setk\u00e1n\u00ed s pr\u016fvodcem.<\/span><\/p>\n<p>Nejlep\u0161\u00ed soukrom\u00e9 v\u00fdlety k vodop\u00e1d\u016fm El Limon s m\u00edstn\u00edm pr\u016fvodcem. Zarezervujte si j\u00edzdu na koni lesem kolem okraje Lemon River a nav\u0161tivte kakaov\u00e9 a k\u00e1vov\u00e9 plant\u00e1\u017ee pod kokosov\u00fdmi palmami ve st\u00ednu.<\/p>\n<p>Nejprve se zastavte v Mal\u00e9m vodop\u00e1du, kde obvykle nen\u00ed moc lid\u00ed a m\u016f\u017eete se koupat. Pot\u00e9 pokra\u010dujeme k velk\u00e9mu vodop\u00e1du, kde z\u016fstaneme hodinu nebo v\u00edce, pokud chcete.<\/p>\n<p>N\u00e1vrat kon\u00ed do restaurace, kde si vychutn\u00e1me typick\u00fd ob\u011bd na pl\u00e1\u017ei. Frite fish s tostones a sal\u00e1tem nebo m\u016f\u017eete z\u00edskat dal\u0161\u00ed mo\u017enosti v nab\u00eddce za p\u0159\u00edplatek.<\/p>\n<p>Ob\u011bd v restauraci v komunit\u011b El Lim\u00f3n a m\u016f\u017eete z\u016fstat tak dlouho, jak chcete. Pokud jste vegan, m\u016f\u017eeme pro v\u00e1s tak\u00e9 p\u0159ipravit n\u011bjak\u00e9 j\u00eddlo.<\/p>\n<p>po t\u00e9to zku\u0161enosti kon\u010d\u00edme n\u00e1\u0161 v\u00fdlet Zp\u011bt na m\u00edsto setk\u00e1n\u00ed Sabana de la mar.<\/p>\n<p>&nbsp;<\/p>\n<h4><em><strong>Co byste m\u011bli p\u0159in\u00e9st?<\/strong><\/em><\/h4>\n<ul>\n<li style=\"font-weight: 400;\"><span style=\"font-weight: 400;\">Fotoapar\u00e1t<\/span><\/li>\n<li style=\"font-weight: 400;\"><span style=\"font-weight: 400;\">Repelentn\u00ed pupeny<\/span><\/li>\n<li style=\"font-weight: 400;\"><span style=\"font-weight: 400;\">opalovac\u00ed kr\u00e9m<\/span><\/li>\n<li style=\"font-weight: 400;\"><span style=\"font-weight: 400;\"><span style=\"vertical-align: inherit;\"><span style=\"vertical-align: inherit;\">Sombrero<\/span><\/span><\/span><\/li>\n<li style=\"font-weight: 400;\"><span style=\"font-weight: 400;\"><span style=\"vertical-align: inherit;\"><span style=\"vertical-align: inherit;\">Komoda Pantalones<\/span><\/span><\/span><\/li>\n<li style=\"font-weight: 400;\"><span style=\"font-weight: 400;\"><span style=\"vertical-align: inherit;\"><span style=\"vertical-align: inherit;\">Zapatos de senderismo para el bosque<\/span><\/span><\/span><\/li>\n<li style=\"font-weight: 400;\"><span style=\"font-weight: 400;\"><span style=\"vertical-align: inherit;\"><span style=\"vertical-align: inherit;\">Vestido nadador<\/span><\/span><\/span><\/li>\n<\/ul>\n<p>&nbsp;<\/p>\n<h4><b><i><span style=\"vertical-align: inherit;\"><span style=\"vertical-align: inherit;\">Recogida en el hotel <\/span><\/span><\/i><\/b><\/h4>\n<p><span style=\"font-weight: 400;\"><span style=\"vertical-align: inherit;\"><span style=\"vertical-align: inherit;\">Neexistuje \u017e\u00e1dn\u00e1 recenze v hotelu pro tuto prohl\u00eddku. <\/span><\/span><\/span><\/p>\n<p>&nbsp;<\/p>\n<p><b><span style=\"vertical-align: inherit;\"><span style=\"vertical-align: inherit;\">Pozn\u00e1mka:<\/span><\/span><\/b><span style=\"font-weight: 400;\"> pokud prov\u00e1d\u00edte rezervaci do 24 hodin od \u010dasu odjezdu z\u00e1jezdu\/exkurze, m\u016f\u017eeme za\u0159\u00eddit vyzvednut\u00ed v hotelu za p\u0159\u00edplatek. Jakmile bude v\u00e1\u0161 n\u00e1kup dokon\u010den, za\u0161leme v\u00e1m kompletn\u00ed kontaktn\u00ed informace (telefonn\u00ed \u010d\u00edslo, e-mailovou adresu atd.) pro na\u0161eho m\u00edstn\u00edho pr\u016fvodce, abychom mohli zajistit vyzvednut\u00ed.<\/span><\/p>\n<h4><b><i><span style=\"vertical-align: inherit;\"><span style=\"vertical-align: inherit;\">Potvrzen\u00ed dal\u0161\u00edch informac\u00ed <\/span><\/span><\/i><\/b><\/h4>\n<ol>\n<li>Vstupenky jsou \u00fa\u010dtenkou po zaplacen\u00ed tohoto z\u00e1jezdu. Platbu m\u016f\u017eete zobrazit na telefonu.<\/li>\n<li style=\"font-weight: 400;\"><span style=\"font-weight: 400;\"><span style=\"vertical-align: inherit;\"><span style=\"vertical-align: inherit;\">El punto de encuentro se recibir\u00e1 despu\u00e9s del processo de reserva.<\/span><\/span><\/span><\/li>\n<li style=\"font-weight: 400;\"><span style=\"font-weight: 400;\"><span style=\"vertical-align: inherit;\"><span style=\"vertical-align: inherit;\">Los ni\u00f1os deben estar acompa\u00f1ados por un adulto.<\/span><\/span><\/span><\/li>\n<li style=\"font-weight: 400;\"><span style=\"font-weight: 400;\"><span style=\"vertical-align: inherit;\"><span style=\"vertical-align: inherit;\"> \u017d\u00e1dn\u00e9 p\u0159\u00edstupn\u00e9 para sillas de ruedas <\/span><\/span><\/span><\/li>\n<li style=\"font-weight: 400;\"><span style=\"font-weight: 400;\"><span style=\"vertical-align: inherit;\"><span style=\"vertical-align: inherit;\">Los beb\u00e9s deben sentarse en el regazo <\/span><\/span><\/span><\/li>\n<li style=\"font-weight: 400;\"><span style=\"font-weight: 400;\"><span style=\"vertical-align: inherit;\"><span style=\"vertical-align: inherit;\">\u017d\u00e1dn\u00e9 doporu\u010den\u00ed pro cesty s probl\u00e9my ve \u0160pan\u011blsku.<\/span><\/span><\/span><\/li>\n<li style=\"font-weight: 400;\"><span style=\"font-weight: 400;\"><span style=\"vertical-align: inherit;\"><span style=\"vertical-align: inherit;\">\u017d\u00e1dn\u00e9 doporu\u010den\u00ed pro embarazadas. <\/span><\/span><\/span><\/li>\n<li style=\"font-weight: 400;\"><span style=\"font-weight: 400;\"><span style=\"vertical-align: inherit;\"><span style=\"vertical-align: inherit;\"> Sin problemas card\u00edacos ni otras afecciones m\u00e9dicas graves <\/span><\/span><\/span><\/li>\n<li style=\"font-weight: 400;\"><span style=\"font-weight: 400;\"><span style=\"vertical-align: inherit;\"><span style=\"vertical-align: inherit;\">La Mayor\u00eda de los viajeros pueden participar<\/span><\/span><\/span><\/li>\n<\/ol>\n<p>Politica de cancelaci\u00f3n<\/p>\n<p>Kompletn\u00ed obnova, lea nuestras Pol\u00edticas de cancelaci\u00f3n\u00a0<a href=\"https:\/\/tourwhales.com\/online-booking\/\" target=\"_blank\" rel=\"noopener\" data-saferedirecturl=\"https:\/\/www.google.com\/url?q=https:\/\/tourwhales.com\/online-booking\/&amp;source=gmail&amp;ust=1672449202351000&amp;usg=AOvVaw1yAeVAPktmaVCqDujgUn90\">haga clic aqu\u00ed<\/a>. Los fondos se perder\u00e1n si la reserva se cancela el mismo d\u00eda del viaje.<\/p>\n\n\t\t<\/div>\n\t<\/div>\n<\/div><\/div><\/div><\/div><div class=\"vc_row wpb_row vc_row-fluid\" ><\/div><div class=\"wpb_column vc_column_container vc_col-sm-12\"><div class=\"vc_column-inner\"><div class=\"wpb_wrapper\"><\/div><\/div><\/div><div class=\"vc_empty_space\"   style=\"height: 32px\"><span class=\"vc_empty_space_inner\"><\/span><\/div><div class=\"vc_empty_space\"   style=\"height: 32px\"><span class=\"vc_empty_space_inner\"><\/span><\/div><div class=\"vc_row wpb_row vc_row-fluid\" ><div class=\"wpb_column vc_column_container vc_col-sm-12\"><div class=\"vc_column-inner\"><div class=\"wpb_wrapper\"><div class=\"vc_btn3-container vc_btn3-inline\" ><button class=\"vc_general vc_btn3 vc_btn3-size-md vc_btn3-shape-rounded vc_btn3-style-modern vc_btn3-color-green\">ZAREZERVOVAT HNED<\/button><\/div><\/div><\/div><\/div><\/div>\n<\/section>","protected":false},"excerpt":{"rendered":"<p>Salto Del Limon \u2013 Prohl\u00eddka vodop\u00e1d\u016f El Lim\u00f3n Od Sabana de La Mar. Vodop\u00e1dy El limon s j\u00edzdou na kon\u00edch nebo p\u011b\u0161\u00ed turistikou k vodop\u00e1d\u016fm. Po plav\u00e1n\u00ed ob\u011bd s m\u00edstn\u00edm j\u00eddlem v Saman\u011b.<\/p>\n<p>&nbsp;<\/p>\n<p><b>Vybrat<\/b><strong><span style=\"vertical-align: inherit;\"><span style=\"vertical-align: inherit;\">\u00a0datum va\u0161\u00ed cesty:\u00a0<\/span><\/span><\/strong><\/p>","protected":false},"featured_media":8837,"template":"","meta":[],"product_cat":[946,961,962,159,178,189,160,190,253,254,255],"product_tag":[183,185,202,201,186,187],"class_list":["post-12587","product","type-product","status-publish","has-post-thumbnail","hentry","product_cat-1-sabana-de-la-mar","product_cat-el-limon-horseback-riding","product_cat-el-limon-sabana-de-la-mar-miches","product_cat-fees-entrace","product_cat-hiking","product_cat-horse-riding-to-waterfalls","product_cat-lunch","product_cat-safari-samana","product_cat-tours-and-excursions","product_cat-tours-excursions-los-haitises-national-park","product_cat-tours-excursions-samana-bay-dominican-republic","product_tag-beach-time","product_tag-el-limon-waterfalls","product_tag-hiking-el-limon","product_tag-horses-el-limon","product_tag-samana","product_tag-samana-tours"],"_links":{"self":[{"href":"https:\/\/ticketswhales.com\/cs\/wp-json\/wp\/v2\/product\/12587","targetHints":{"allow":["GET"]}}],"collection":[{"href":"https:\/\/ticketswhales.com\/cs\/wp-json\/wp\/v2\/product"}],"about":[{"href":"https:\/\/ticketswhales.com\/cs\/wp-json\/wp\/v2\/types\/product"}],"wp:featuredmedia":[{"embeddable":true,"href":"https:\/\/ticketswhales.com\/cs\/wp-json\/wp\/v2\/media\/8837"}],"wp:attachment":[{"href":"https:\/\/ticketswhales.com\/cs\/wp-json\/wp\/v2\/media?parent=12587"}],"wp:term":[{"taxonomy":"product_cat","embeddable":true,"href":"https:\/\/ticketswhales.com\/cs\/wp-json\/wp\/v2\/product_cat?post=12587"},{"taxonomy":"product_tag","embeddable":true,"href":"https:\/\/ticketswhales.com\/cs\/wp-json\/wp\/v2\/product_tag?post=12587"}],"curies":[{"name":"wp","href":"https:\/\/api.w.org\/{rel}","templated":true}]}}